{"id":577413,"date":"2020-05-31T17:08:28","date_gmt":"2020-05-31T15:08:28","guid":{"rendered":"https:\/\/arcadepowergame.fr\/?post_type=product&#038;p=577413"},"modified":"2023-05-05T10:44:43","modified_gmt":"2023-05-05T08:44:43","slug":"pandoras-box-dx","status":"publish","type":"product","link":"https:\/\/arcadepowergame.fr\/index.php\/produit\/pandoras-box-dx\/","title":{"rendered":"Pandora&#8217;s box DX officiel version family 3000 in 1"},"content":{"rendered":"<p>la nouvelle pandora box DX est la !!!!! la pandora box DX vous fera revivre l&#8217;age d&#8217;or des jeux vid\u00e9o des ann\u00e9es 90.Des centaines d&#8217;heures de jeux gr\u00e2ce \u00e0 sa collection de 3000 jeux d&#8217;arcade et console<\/p>\n<p>Cette box peut se brancher en VGA ou HDMI&nbsp;<\/p>\n<p>-Mod\u00e8le Familial<\/p>\n<p>-Des animations et d\u00e9mo de chaque jeux.<\/p>\n<p>-Notice et c\u00e2blage fournis ( nous indiqu\u00e9 si vous avez besoin de cosse en 2.8mm ou 4.8 pour bouton lumineux)<\/p>\n<p>-Ultra simple , rien a t\u00e9l\u00e9charger<\/p>\n<p>-90% des manettes actuel sont reconnu pour s&#8217;en servir simplement de console arcade<\/p>\n<p>-Sauvegarde des scores<\/p>\n<p>-Save state \/ load state pendant le jeu<\/p>\n<p>-Fonction pause &amp; favoris<\/p>\n<p>-Supporte 2 joystick arcade + 2 manette afin de jouer jusqu&#8217;a 4 en simultan\u00e9<\/p>\n<p>-n\u00e9cessite une alimentation 12V 2A ( non fournie )<\/p>\n<p>Compl\u00e8te parfaitement vos &nbsp;kit bartop et pack Ultimate combo de Arcade Power Game<\/p>\n","protected":false},"excerpt":{"rendered":"<p>la nouvelle pandora box DX est la !!!!! la pandora box DX vous fera revivre l&#8217;age d&#8217;or des jeux vid\u00e9o des ann\u00e9es 90.Des centaines d&#8217;heures de jeux gr\u00e2ce \u00e0 sa collection de 3000 jeux d&#8217;arcade et console Cette box peut se brancher en VGA ou HDMI&nbsp; -Mod\u00e8le Familial -Des animations et d\u00e9mo de chaque jeux. [&hellip;]<\/p>\n","protected":false},"featured_media":577532,"comment_status":"open","ping_status":"closed","template":"","meta":{"_monsterinsights_skip_tracking":false,"_monsterinsights_sitenote_active":false,"_monsterinsights_sitenote_note":"","_monsterinsights_sitenote_category":0,"_mbp_gutenberg_autopost":false,"ngg_post_thumbnail":0},"product_brand":[],"product_cat":[33],"product_tag":[],"class_list":{"0":"post-577413","1":"product","2":"type-product","3":"status-publish","4":"has-post-thumbnail","6":"product_cat-non-classe","8":"first","9":"instock","10":"shipping-taxable","11":"purchasable","12":"product-type-simple"},"yoast_head":"<!-- This site is optimized with the Yoast SEO plugin v27.2 - https:\/\/yoast.com\/product\/yoast-seo-wordpress\/ -->\n<title>Pandora&#039;s box DX officiel version family 3000 in 1 | Arcade Power Game<\/title>\n<meta name=\"robots\" content=\"index, follow, max-snippet:-1, max-image-preview:large, max-video-preview:-1\" \/>\n<link rel=\"canonical\" href=\"https:\/\/arcadepowergame.fr\/index.php\/produit\/pandoras-box-dx\/\" \/>\n<meta property=\"og:locale\" content=\"fr_FR\" \/>\n<meta property=\"og:type\" content=\"article\" \/>\n<meta property=\"og:title\" content=\"Pandora&#039;s box DX officiel version family 3000 in 1 | Arcade Power Game\" \/>\n<meta property=\"og:description\" content=\"la nouvelle pandora box DX est la !!!!! la pandora box DX vous fera revivre l&#8217;age d&#8217;or des jeux vid\u00e9o des ann\u00e9es 90.Des centaines d&#8217;heures de jeux gr\u00e2ce \u00e0 sa collection de 3000 jeux d&#8217;arcade et console Cette box peut se brancher en VGA ou HDMI&nbsp; -Mod\u00e8le Familial -Des animations et d\u00e9mo de chaque jeux. [&hellip;]\" \/>\n<meta property=\"og:url\" content=\"https:\/\/arcadepowergame.fr\/index.php\/produit\/pandoras-box-dx\/\" \/>\n<meta property=\"og:site_name\" content=\"Arcade Power Game\" \/>\n<meta property=\"article:publisher\" content=\"https:\/\/www.facebook.com\/arcadepowergame\/?ref=bookmarks\" \/>\n<meta property=\"article:modified_time\" content=\"2023-05-05T08:44:43+00:00\" \/>\n<meta property=\"og:image\" content=\"https:\/\/arcadepowergame.fr\/wp-content\/uploads\/2020\/05\/Pandoras-box-DX-e1590937527826.png\" \/>\n\t<meta property=\"og:image:width\" content=\"986\" \/>\n\t<meta property=\"og:image:height\" content=\"572\" \/>\n\t<meta property=\"og:image:type\" content=\"image\/png\" \/>\n<meta name=\"twitter:card\" content=\"summary_large_image\" \/>\n<meta name=\"twitter:label1\" content=\"Dur\u00e9e de lecture estim\u00e9e\" \/>\n\t<meta name=\"twitter:data1\" content=\"1 minute\" \/>\n<script type=\"application\/ld+json\" class=\"yoast-schema-graph\">{\"@context\":\"https:\/\/schema.org\",\"@graph\":[{\"@type\":\"WebPage\",\"@id\":\"https:\/\/arcadepowergame.fr\/index.php\/produit\/pandoras-box-dx\/\",\"url\":\"https:\/\/arcadepowergame.fr\/index.php\/produit\/pandoras-box-dx\/\",\"name\":\"Pandora's box DX officiel version family 3000 in 1 | Arcade Power Game\",\"isPartOf\":{\"@id\":\"https:\/\/arcadepowergame.fr\/#website\"},\"primaryImageOfPage\":{\"@id\":\"https:\/\/arcadepowergame.fr\/index.php\/produit\/pandoras-box-dx\/#primaryimage\"},\"image\":{\"@id\":\"https:\/\/arcadepowergame.fr\/index.php\/produit\/pandoras-box-dx\/#primaryimage\"},\"thumbnailUrl\":\"https:\/\/arcadepowergame.fr\/wp-content\/uploads\/2020\/05\/Pandoras-box-DX-e1590937527826.png\",\"datePublished\":\"2020-05-31T15:08:28+00:00\",\"dateModified\":\"2023-05-05T08:44:43+00:00\",\"breadcrumb\":{\"@id\":\"https:\/\/arcadepowergame.fr\/index.php\/produit\/pandoras-box-dx\/#breadcrumb\"},\"inLanguage\":\"fr-FR\",\"potentialAction\":[{\"@type\":\"ReadAction\",\"target\":[\"https:\/\/arcadepowergame.fr\/index.php\/produit\/pandoras-box-dx\/\"]}]},{\"@type\":\"ImageObject\",\"inLanguage\":\"fr-FR\",\"@id\":\"https:\/\/arcadepowergame.fr\/index.php\/produit\/pandoras-box-dx\/#primaryimage\",\"url\":\"https:\/\/arcadepowergame.fr\/wp-content\/uploads\/2020\/05\/Pandoras-box-DX-e1590937527826.png\",\"contentUrl\":\"https:\/\/arcadepowergame.fr\/wp-content\/uploads\/2020\/05\/Pandoras-box-DX-e1590937527826.png\",\"width\":986,\"height\":572},{\"@type\":\"BreadcrumbList\",\"@id\":\"https:\/\/arcadepowergame.fr\/index.php\/produit\/pandoras-box-dx\/#breadcrumb\",\"itemListElement\":[{\"@type\":\"ListItem\",\"position\":1,\"name\":\"Accueil\",\"item\":\"https:\/\/arcadepowergame.fr\/\"},{\"@type\":\"ListItem\",\"position\":2,\"name\":\"Boutique\",\"item\":\"https:\/\/arcadepowergame.fr\/index.php\/boutique\/\"},{\"@type\":\"ListItem\",\"position\":3,\"name\":\"Divers\",\"item\":\"https:\/\/arcadepowergame.fr\/index.php\/categorie-produit\/non-classe\/\"},{\"@type\":\"ListItem\",\"position\":4,\"name\":\"Pandora&#8217;s box DX officiel version family 3000 in 1\"}]},{\"@type\":\"WebSite\",\"@id\":\"https:\/\/arcadepowergame.fr\/#website\",\"url\":\"https:\/\/arcadepowergame.fr\/\",\"name\":\"Arcade Power Game\",\"description\":\"Fabrication haut de gamme et sur mesure de bartops et bornes d&#039;arcade\",\"publisher\":{\"@id\":\"https:\/\/arcadepowergame.fr\/#organization\"},\"potentialAction\":[{\"@type\":\"SearchAction\",\"target\":{\"@type\":\"EntryPoint\",\"urlTemplate\":\"https:\/\/arcadepowergame.fr\/?s={search_term_string}\"},\"query-input\":{\"@type\":\"PropertyValueSpecification\",\"valueRequired\":true,\"valueName\":\"search_term_string\"}}],\"inLanguage\":\"fr-FR\"},{\"@type\":\"Organization\",\"@id\":\"https:\/\/arcadepowergame.fr\/#organization\",\"name\":\"Arcade Power Game\",\"url\":\"https:\/\/arcadepowergame.fr\/\",\"logo\":{\"@type\":\"ImageObject\",\"inLanguage\":\"fr-FR\",\"@id\":\"https:\/\/arcadepowergame.fr\/#\/schema\/logo\/image\/\",\"url\":\"https:\/\/arcadepowergame.fr\/wp-content\/uploads\/2021\/01\/Arcadepowergame1080p-e1611141951764.jpg\",\"contentUrl\":\"https:\/\/arcadepowergame.fr\/wp-content\/uploads\/2021\/01\/Arcadepowergame1080p-e1611141951764.jpg\",\"width\":610,\"height\":343,\"caption\":\"Arcade Power Game\"},\"image\":{\"@id\":\"https:\/\/arcadepowergame.fr\/#\/schema\/logo\/image\/\"},\"sameAs\":[\"https:\/\/www.facebook.com\/arcadepowergame\/?ref=bookmarks\"]}]}<\/script>\n<!-- \/ Yoast SEO plugin. -->","yoast_head_json":{"title":"Pandora's box DX officiel version family 3000 in 1 | Arcade Power Game","robots":{"index":"index","follow":"follow","max-snippet":"max-snippet:-1","max-image-preview":"max-image-preview:large","max-video-preview":"max-video-preview:-1"},"canonical":"https:\/\/arcadepowergame.fr\/index.php\/produit\/pandoras-box-dx\/","og_locale":"fr_FR","og_type":"article","og_title":"Pandora's box DX officiel version family 3000 in 1 | Arcade Power Game","og_description":"la nouvelle pandora box DX est la !!!!! la pandora box DX vous fera revivre l&#8217;age d&#8217;or des jeux vid\u00e9o des ann\u00e9es 90.Des centaines d&#8217;heures de jeux gr\u00e2ce \u00e0 sa collection de 3000 jeux d&#8217;arcade et console Cette box peut se brancher en VGA ou HDMI&nbsp; -Mod\u00e8le Familial -Des animations et d\u00e9mo de chaque jeux. [&hellip;]","og_url":"https:\/\/arcadepowergame.fr\/index.php\/produit\/pandoras-box-dx\/","og_site_name":"Arcade Power Game","article_publisher":"https:\/\/www.facebook.com\/arcadepowergame\/?ref=bookmarks","article_modified_time":"2023-05-05T08:44:43+00:00","og_image":[{"width":986,"height":572,"url":"https:\/\/arcadepowergame.fr\/wp-content\/uploads\/2020\/05\/Pandoras-box-DX-e1590937527826.png","type":"image\/png"}],"twitter_card":"summary_large_image","twitter_misc":{"Dur\u00e9e de lecture estim\u00e9e":"1 minute"},"schema":{"@context":"https:\/\/schema.org","@graph":[{"@type":"WebPage","@id":"https:\/\/arcadepowergame.fr\/index.php\/produit\/pandoras-box-dx\/","url":"https:\/\/arcadepowergame.fr\/index.php\/produit\/pandoras-box-dx\/","name":"Pandora's box DX officiel version family 3000 in 1 | Arcade Power Game","isPartOf":{"@id":"https:\/\/arcadepowergame.fr\/#website"},"primaryImageOfPage":{"@id":"https:\/\/arcadepowergame.fr\/index.php\/produit\/pandoras-box-dx\/#primaryimage"},"image":{"@id":"https:\/\/arcadepowergame.fr\/index.php\/produit\/pandoras-box-dx\/#primaryimage"},"thumbnailUrl":"https:\/\/arcadepowergame.fr\/wp-content\/uploads\/2020\/05\/Pandoras-box-DX-e1590937527826.png","datePublished":"2020-05-31T15:08:28+00:00","dateModified":"2023-05-05T08:44:43+00:00","breadcrumb":{"@id":"https:\/\/arcadepowergame.fr\/index.php\/produit\/pandoras-box-dx\/#breadcrumb"},"inLanguage":"fr-FR","potentialAction":[{"@type":"ReadAction","target":["https:\/\/arcadepowergame.fr\/index.php\/produit\/pandoras-box-dx\/"]}]},{"@type":"ImageObject","inLanguage":"fr-FR","@id":"https:\/\/arcadepowergame.fr\/index.php\/produit\/pandoras-box-dx\/#primaryimage","url":"https:\/\/arcadepowergame.fr\/wp-content\/uploads\/2020\/05\/Pandoras-box-DX-e1590937527826.png","contentUrl":"https:\/\/arcadepowergame.fr\/wp-content\/uploads\/2020\/05\/Pandoras-box-DX-e1590937527826.png","width":986,"height":572},{"@type":"BreadcrumbList","@id":"https:\/\/arcadepowergame.fr\/index.php\/produit\/pandoras-box-dx\/#breadcrumb","itemListElement":[{"@type":"ListItem","position":1,"name":"Accueil","item":"https:\/\/arcadepowergame.fr\/"},{"@type":"ListItem","position":2,"name":"Boutique","item":"https:\/\/arcadepowergame.fr\/index.php\/boutique\/"},{"@type":"ListItem","position":3,"name":"Divers","item":"https:\/\/arcadepowergame.fr\/index.php\/categorie-produit\/non-classe\/"},{"@type":"ListItem","position":4,"name":"Pandora&#8217;s box DX officiel version family 3000 in 1"}]},{"@type":"WebSite","@id":"https:\/\/arcadepowergame.fr\/#website","url":"https:\/\/arcadepowergame.fr\/","name":"Arcade Power Game","description":"Fabrication haut de gamme et sur mesure de bartops et bornes d&#039;arcade","publisher":{"@id":"https:\/\/arcadepowergame.fr\/#organization"},"potentialAction":[{"@type":"SearchAction","target":{"@type":"EntryPoint","urlTemplate":"https:\/\/arcadepowergame.fr\/?s={search_term_string}"},"query-input":{"@type":"PropertyValueSpecification","valueRequired":true,"valueName":"search_term_string"}}],"inLanguage":"fr-FR"},{"@type":"Organization","@id":"https:\/\/arcadepowergame.fr\/#organization","name":"Arcade Power Game","url":"https:\/\/arcadepowergame.fr\/","logo":{"@type":"ImageObject","inLanguage":"fr-FR","@id":"https:\/\/arcadepowergame.fr\/#\/schema\/logo\/image\/","url":"https:\/\/arcadepowergame.fr\/wp-content\/uploads\/2021\/01\/Arcadepowergame1080p-e1611141951764.jpg","contentUrl":"https:\/\/arcadepowergame.fr\/wp-content\/uploads\/2021\/01\/Arcadepowergame1080p-e1611141951764.jpg","width":610,"height":343,"caption":"Arcade Power Game"},"image":{"@id":"https:\/\/arcadepowergame.fr\/#\/schema\/logo\/image\/"},"sameAs":["https:\/\/www.facebook.com\/arcadepowergame\/?ref=bookmarks"]}]}},"_links":{"self":[{"href":"https:\/\/arcadepowergame.fr\/index.php\/wp-json\/wp\/v2\/product\/577413","targetHints":{"allow":["GET"]}}],"collection":[{"href":"https:\/\/arcadepowergame.fr\/index.php\/wp-json\/wp\/v2\/product"}],"about":[{"href":"https:\/\/arcadepowergame.fr\/index.php\/wp-json\/wp\/v2\/types\/product"}],"replies":[{"embeddable":true,"href":"https:\/\/arcadepowergame.fr\/index.php\/wp-json\/wp\/v2\/comments?post=577413"}],"wp:featuredmedia":[{"embeddable":true,"href":"https:\/\/arcadepowergame.fr\/index.php\/wp-json\/wp\/v2\/media\/577532"}],"wp:attachment":[{"href":"https:\/\/arcadepowergame.fr\/index.php\/wp-json\/wp\/v2\/media?parent=577413"}],"wp:term":[{"taxonomy":"product_brand","embeddable":true,"href":"https:\/\/arcadepowergame.fr\/index.php\/wp-json\/wp\/v2\/product_brand?post=577413"},{"taxonomy":"product_cat","embeddable":true,"href":"https:\/\/arcadepowergame.fr\/index.php\/wp-json\/wp\/v2\/product_cat?post=577413"},{"taxonomy":"product_tag","embeddable":true,"href":"https:\/\/arcadepowergame.fr\/index.php\/wp-json\/wp\/v2\/product_tag?post=577413"}],"curies":[{"name":"wp","href":"https:\/\/api.w.org\/{rel}","templated":true}]}}