{"id":2943914,"date":"2025-12-26T18:06:46","date_gmt":"2025-12-26T17:06:46","guid":{"rendered":"https:\/\/arcadepowergame.fr\/?post_type=product&#038;p=2943914"},"modified":"2026-04-03T18:20:41","modified_gmt":"2026-04-03T16:20:41","slug":"borne-darcade-pc-edition-ultra-haute-performance-z27","status":"publish","type":"product","link":"https:\/\/arcadepowergame.fr\/index.php\/produit\/borne-darcade-pc-edition-ultra-haute-performance-z27\/","title":{"rendered":"Borne d\u2019arcade PC \u2013 \u00c9dition Ultra Haute Performance Z27"},"content":{"rendered":"<h2 data-start=\"272\" data-end=\"337\">Borne d\u2019arcade PC \u2013 \u00c9dition Ultra Haute Performance <strong data-start=\"330\" data-end=\"337\">Z27<\/strong><\/h2>\n<p data-start=\"339\" data-end=\"547\">\u2728 <strong data-start=\"341\" data-end=\"413\">Retrouvez toute la magie des salles d\u2019arcade d\u2019hier et d\u2019aujourd\u2019hui<\/strong> avec la <strong data-start=\"422\" data-end=\"447\">Borne d\u2019arcade PC Z27<\/strong>, \u00e9quip\u00e9e d\u2019un <strong data-start=\"462\" data-end=\"487\">\u00e9cran gamer 27 pouces<\/strong> spectaculaire et d\u2019une puissance PC de derni\u00e8re g\u00e9n\u00e9ration.<\/p>\n<p data-start=\"549\" data-end=\"822\">Con\u00e7ue avec une <strong data-start=\"565\" data-end=\"609\">attention extr\u00eame port\u00e9e \u00e0 chaque d\u00e9tail<\/strong>, cette borne d\u2019arcade PC premium est <strong data-start=\"647\" data-end=\"660\">\u00e9volutive<\/strong>, robuste et int\u00e8gre d\u00e8s sa conception <strong data-start=\"699\" data-end=\"744\">les meilleurs composants du march\u00e9 arcade<\/strong> afin de garantir une <strong data-start=\"766\" data-end=\"821\">exp\u00e9rience de jeu exceptionnelle, fluide et durable<\/strong>.<\/p>\n<hr data-start=\"824\" data-end=\"827\">\n<h3 data-start=\"829\" data-end=\"872\">\ud83d\udd25 Une exp\u00e9rience arcade sans compromis<\/h3>\n<p data-start=\"874\" data-end=\"1110\">La <strong data-start=\"877\" data-end=\"928\">Borne d\u2019arcade PC \u2013 Ultra Haute Performance Z27<\/strong> vous fait revivre les <strong data-start=\"951\" data-end=\"977\">classiques intemporels<\/strong> de l\u2019arcade tout en ouvrant la porte aux <strong data-start=\"1019\" data-end=\"1044\">jeux les plus r\u00e9cents<\/strong> :<br data-start=\"1046\" data-end=\"1049\">&#8211; \u00e9mulation avanc\u00e9e<\/p>\n<p data-start=\"874\" data-end=\"1110\">&#8211; Teknoparrot<\/p>\n<p data-start=\"874\" data-end=\"1110\">&#8211; jeux PC modernes<\/p>\n<p data-start=\"874\" data-end=\"1110\">&#8211; Flipper<\/p>\n<p>&#8211; Railshooter<\/p>\n<p>&#8211; Consoles vari\u00e9es<\/p>\n<p>&#8211; Arcade Classic ect<\/p>\n<p data-start=\"1112\" data-end=\"1247\">Des <strong data-start=\"1116\" data-end=\"1177\">moments de convivialit\u00e9, de partage et de plaisir intense<\/strong>, aussi bien pour les nostalgiques que pour les joueurs d\u2019aujourd\u2019hui.<\/p>\n<hr data-start=\"1249\" data-end=\"1252\">\n<h3 data-start=\"1254\" data-end=\"1301\">\ud83d\udd79\ufe0f Nostalgie &amp; sensations modernes r\u00e9unies<\/h3>\n<p data-start=\"1303\" data-end=\"1585\">Pens\u00e9e pour les passionn\u00e9s de <strong data-start=\"1333\" data-end=\"1349\">culture geek<\/strong>, de <strong data-start=\"1354\" data-end=\"1364\">mangas<\/strong>, de <strong data-start=\"1369\" data-end=\"1383\">jeux vid\u00e9o<\/strong> et de <strong data-start=\"1390\" data-end=\"1424\">s\u00e9ries cultes des ann\u00e9es 80\u201390 et des jeux modernes r\u00e9cent <\/strong>, cette Z27 incarne cette <strong data-start=\"1447\" data-end=\"1469\">nostalgie vibrante<\/strong> qui fait battre le c\u0153ur des joueurs, tout en y ajoutant <strong data-start=\"1526\" data-end=\"1584\">la puissance et la fureur des salles d\u2019arcade modernes<\/strong>.<\/p>\n<p data-start=\"1587\" data-end=\"1799\">\ud83d\udc49 Pour encore plus d\u2019immersion, la borne est compatible avec les <strong data-start=\"1653\" data-end=\"1672\">Sinden Lightgun<\/strong> :<br data-start=\"1674\" data-end=\"1677\">plongez dans des classiques l\u00e9gendaires comme <em data-start=\"1723\" data-end=\"1737\">Virtua Cop 2<\/em>, <em data-start=\"1739\" data-end=\"1760\">House of the Dead 2<\/em>, et de nombreux <strong data-start=\"1777\" data-end=\"1798\">shooters modernes<\/strong>.<\/p>\n<hr data-start=\"1801\" data-end=\"1804\">\n<h2 data-start=\"1806\" data-end=\"1832\">\ud83d\udd27 Descriptif technique<\/h2>\n<h3 data-start=\"1834\" data-end=\"1848\">Syst\u00e8me<\/h3>\n<p data-start=\"1849\" data-end=\"1950\"><strong data-start=\"1849\" data-end=\"1872\">AMD Ryzen\u2122 7&nbsp;<\/strong><\/p>\n<p data-start=\"1849\" data-end=\"1950\"><strong data-start=\"1975\" data-end=\"1995\">AMD Radeon\u2122 780M<\/strong><\/p>\n<p data-start=\"2123\" data-end=\"2240\"><strong data-start=\"2123\" data-end=\"2152\">32 Go DDR5<\/strong><\/p>\n<h3 data-start=\"2242\" data-end=\"2257\"><strong data-start=\"2325\" data-end=\"2337\">SSD 4 To<\/strong> d\u00e9di\u00e9 au stockage de jeux et m\u00e9dias<\/h3>\n<hr data-start=\"2375\" data-end=\"2378\">\n<h2 data-start=\"2380\" data-end=\"2420\">Fabrication &amp; \u00e9quipements premium<\/h2>\n<p data-start=\"2422\" data-end=\"3174\">\u2022 Caisson en <strong data-start=\"2435\" data-end=\"2472\">bois m\u00e9lamin\u00e9 haute densit\u00e9 19 mm<\/strong>, entretien facile (sans peinture)<br data-start=\"2506\" data-end=\"2509\">\u2022 <strong data-start=\"2511\" data-end=\"2540\">Caisson de basses arri\u00e8re<\/strong> + kit audio <strong data-start=\"2553\" data-end=\"2561\">120W<\/strong> pour un son immersif<br data-start=\"2582\" data-end=\"2585\">\u2022 R\u00e9glage du volume par <strong data-start=\"2609\" data-end=\"2639\">bouton discret \u00e0 l\u2019arri\u00e8re<\/strong> + sortie casque<br data-start=\"2655\" data-end=\"2658\">\u2022 Panel large <strong data-start=\"2672\" data-end=\"2683\">incurv\u00e9<\/strong> \u00e0 fermeture<br data-start=\"2695\" data-end=\"2698\">\u2022 <strong data-start=\"2700\" data-end=\"2723\">T-Molding am\u00e9ricain<\/strong> (couleur au choix)<br data-start=\"2742\" data-end=\"2745\">\u2022 <strong data-start=\"2747\" data-end=\"2787\">Marquee &amp; Bezel en verre 4 mm<\/strong><br data-start=\"2787\" data-end=\"2790\">\u2022 Boutons <strong data-start=\"2800\" data-end=\"2832\">SANWA japonais haut de gamme<\/strong> (couleur au choix) avec <strong data-start=\"2857\" data-end=\"2886\">\u00e9clairage personnalisable<\/strong> (d\u00e9sactivable)<br data-start=\"2901\" data-end=\"2904\">\u2022 <strong data-start=\"2906\" data-end=\"2934\">2 boutons lat\u00e9raux SANWA<\/strong> pour flipper<br data-start=\"2947\" data-end=\"2950\">\u2022 <strong data-start=\"2952\" data-end=\"2973\">2 joysticks SANWA<\/strong> avec restricteur circulaire (id\u00e9al jeux de combat) et tige longue (protection du vinyle)<br data-start=\"3062\" data-end=\"3065\">\u2022 <strong data-start=\"3067\" data-end=\"3088\">Double sortie USB<\/strong> pour manettes, lightguns ou clavier<br data-start=\"3124\" data-end=\"3127\">\u2022 <strong data-start=\"3129\" data-end=\"3174\">\u00c9cran gamer IPS 27\u2019\u2019 \u2013 format 16:9 \u2013 neuf<\/strong><\/p>\n<hr data-start=\"3176\" data-end=\"3179\">\n<h2 data-start=\"3181\" data-end=\"3218\">Qualit\u00e9 d\u2019image exceptionnelle<\/h2>\n<p data-start=\"3219\" data-end=\"3390\">\u2728 <strong data-start=\"3221\" data-end=\"3277\">Nouveau traitement Pixel Perfect sur 99 % du syst\u00e8me<\/strong><br data-start=\"3277\" data-end=\"3280\">\u27a1\ufe0f Rendu graphique <strong data-start=\"3299\" data-end=\"3339\">encore plus fid\u00e8le que les scanlines<\/strong>, respect total des jeux originaux, sans compromis.<\/p>\n<hr data-start=\"3392\" data-end=\"3395\">\n<h2 data-start=\"3397\" data-end=\"3426\">Personnalisation totale<\/h2>\n<p data-start=\"3427\" data-end=\"3533\">\u2022 <strong data-start=\"3429\" data-end=\"3454\">Impression de votre design sur mesure sans suppl\u00e9ment ou design d\u00e9ja r\u00e9aliser<\/strong><br data-start=\"3454\" data-end=\"3457\">\u2022 Artwork <strong data-start=\"3467\" data-end=\"3485\">PVC mat <\/strong>, traitement UV pour une <strong data-start=\"3510\" data-end=\"3533\">r\u00e9sistance maximale<\/strong><\/p>\n<p>Vid\u00e9o borne d&#8217;arcade haut de gamme PC&nbsp; :<\/p>\n<p>&nbsp;<\/p>\n<p><iframe loading=\"lazy\" title=\"( 3em Partie ) Le Top de la Borne d&#039;arcade haut de gamme ARCADE POWER GAME en PC preformant\" width=\"640\" height=\"360\" src=\"https:\/\/www.youtube.com\/embed\/1VBtm70pr3I?feature=oembed\" frameborder=\"0\" allow=\"accelerometer; autoplay; clipboard-write; encrypted-media; gyroscope; picture-in-picture; web-share\" referrerpolicy=\"strict-origin-when-cross-origin\" allowfullscreen><\/iframe><\/p>\n<p data-start=\"3427\" data-end=\"3533\">&nbsp;<\/p>\n<p>&amp;nbsp;<\/p>\n<hr data-start=\"3535\" data-end=\"3538\">\n<h2 data-start=\"3540\" data-end=\"3564\">Dimensions &amp; infos<\/h2>\n<p data-start=\"3565\" data-end=\"3663\">\u2022 Dimensions : <strong data-start=\"3580\" data-end=\"3616\">P 71,3 cm \u2013 L 69 cm \u2013 H 174,6 cm<\/strong><br data-start=\"3616\" data-end=\"3619\">\u2022 Poids : <strong data-start=\"3629\" data-end=\"3638\">76 kg<\/strong><br data-start=\"3638\" data-end=\"3641\">\u2022 Garantie : <strong data-start=\"3654\" data-end=\"3663\">2 ans<\/strong><\/p>\n<p data-start=\"3665\" data-end=\"3786\">\ud83c\uddeb\ud83c\uddf7 <strong data-start=\"3670\" data-end=\"3728\">Conception, assemblage et usinage 100 % Made in France<\/strong><br data-start=\"3728\" data-end=\"3731\">\u27a1\ufe0f Qualit\u00e9, finitions et fiabilit\u00e9 au plus haut niveau.<\/p>\n<hr data-start=\"3788\" data-end=\"3791\">\n<h3 data-start=\"3793\" data-end=\"3807\">&nbsp;Options<\/h3>\n<p data-start=\"3808\" data-end=\"3887\">\u2022 <strong data-start=\"3810\" data-end=\"3845\">Monnayeur double cash box actif<\/strong> et sinden Lightgun (nous contacter)<\/p>\n<hr data-start=\"3889\" data-end=\"3892\">\n<h3 data-start=\"3894\" data-end=\"3917\">\u23f3 D\u00e9lais &amp; commande<\/h3>\n<p data-start=\"3918\" data-end=\"4062\">\u2022 <strong data-start=\"3920\" data-end=\"3961\">D\u00e9lai de fabrication : 4 \u00e0 5 semaines<\/strong><br data-start=\"3961\" data-end=\"3964\">\u2022 Un <strong data-start=\"3969\" data-end=\"3991\">devis personnalis\u00e9<\/strong> est \u00e9tabli avant toute commande afin de d\u00e9finir ensemble votre projet.<\/p>\n<hr data-start=\"4064\" data-end=\"4067\">\n<h3 data-start=\"4069\" data-end=\"4083\">\ud83d\udcde Contact<\/h3>\n<p>Besoin d&#8217;un devis ou d&#8217;infos ?<\/p>\n<p data-start=\"4084\" data-end=\"4140\">\ud83d\udcde <strong data-start=\"4087\" data-end=\"4105\">07 60 17 52 81<\/strong><br data-start=\"4105\" data-end=\"4108\">\ud83d\udce7 <strong data-start=\"4111\" data-end=\"4140\"><a class=\"decorated-link cursor-pointer\" rel=\"noopener\" data-start=\"4113\" data-end=\"4138\">arcadepowergame@gmail.com<\/a><\/strong><\/p>\n<p data-start=\"4142\" data-end=\"4215\"><strong data-start=\"4142\" data-end=\"4163\">Arcade Power Game<\/strong><br data-start=\"4163\" data-end=\"4166\">\ud83d\udd25 <em data-start=\"4169\" data-end=\"4215\">La borne d\u2019arcade PC ultime, sans compromis.<\/em><\/p>\n","protected":false},"excerpt":{"rendered":"<h3 data-start=\"109\" data-end=\"167\">Borne d\u2019arcade PC \u2013 Ultra Haute Performance <strong data-start=\"160\" data-end=\"167\">Z27<\/strong><\/h3>\n<p data-start=\"169\" data-end=\"462\">Borne d\u2019arcade PC premium \u00e9quip\u00e9e d\u2019un <strong data-start=\"208\" data-end=\"232\">\u00e9cran gamer IPS 27\u2019\u2019<\/strong>, d\u2019une <strong data-start=\"240\" data-end=\"278\">configuration PC ultra performante<\/strong> et d\u2019une <strong data-start=\"288\" data-end=\"324\">fabrication 100 % Made in France<\/strong>.<br data-start=\"325\" data-end=\"328\">Compatible <strong data-start=\"339\" data-end=\"405\">jeux r\u00e9tro, \u00e9mulation avanc\u00e9e, TeknoParrot et jeux PC modernes<\/strong>, avec une <strong data-start=\"416\" data-end=\"461\" data-is-only-node=\"\">fluidit\u00e9 et une immersion exceptionnelles<\/strong>.<\/p>\n<p data-start=\"464\" data-end=\"515\">\ud83d\udd25 <strong data-start=\"467\" data-end=\"515\">La borne d\u2019arcade PC ultime, sans compromis.<\/strong><\/p>\n","protected":false},"featured_media":1926757,"comment_status":"open","ping_status":"closed","template":"","meta":{"_monsterinsights_skip_tracking":false,"_monsterinsights_sitenote_active":false,"_monsterinsights_sitenote_note":"","_monsterinsights_sitenote_category":0,"_mbp_gutenberg_autopost":false,"ngg_post_thumbnail":0},"product_brand":[],"product_cat":[55],"product_tag":[],"class_list":{"0":"post-2943914","1":"product","2":"type-product","3":"status-publish","4":"has-post-thumbnail","6":"product_cat-borne-arcade-pc-ultra-haute-performance","8":"first","9":"instock","10":"sale","11":"shipping-taxable","12":"purchasable","13":"product-type-simple"},"yoast_head":"<!-- This site is optimized with the Yoast SEO plugin v27.2 - https:\/\/yoast.com\/product\/yoast-seo-wordpress\/ -->\n<title>Borne d\u2019arcade PC \u2013 \u00c9dition Ultra Haute Performance Z27 | Arcade Power Game<\/title>\n<meta name=\"description\" content=\"Borne d\u2019arcade PC Z27 ultra haute performance avec \u00e9cran 27\u2033, jeux r\u00e9tro et modernes, compatible Teknoparrot, PC gaming. Fabrication fran\u00e7aise premium.\" \/>\n<meta name=\"robots\" content=\"index, follow, max-snippet:-1, max-image-preview:large, max-video-preview:-1\" \/>\n<link rel=\"canonical\" href=\"https:\/\/arcadepowergame.fr\/index.php\/produit\/borne-darcade-pc-edition-ultra-haute-performance-z27\/\" \/>\n<meta property=\"og:locale\" content=\"fr_FR\" \/>\n<meta property=\"og:type\" content=\"article\" \/>\n<meta property=\"og:title\" content=\"Borne d\u2019arcade PC \u2013 \u00c9dition Ultra Haute Performance Z27 | Arcade Power Game\" \/>\n<meta property=\"og:description\" content=\"Borne d\u2019arcade PC Z27 ultra haute performance avec \u00e9cran 27\u2033, jeux r\u00e9tro et modernes, compatible Teknoparrot, PC gaming. Fabrication fran\u00e7aise premium.\" \/>\n<meta property=\"og:url\" content=\"https:\/\/arcadepowergame.fr\/index.php\/produit\/borne-darcade-pc-edition-ultra-haute-performance-z27\/\" \/>\n<meta property=\"og:site_name\" content=\"Arcade Power Game\" \/>\n<meta property=\"article:publisher\" content=\"https:\/\/www.facebook.com\/arcadepowergame\/?ref=bookmarks\" \/>\n<meta property=\"article:modified_time\" content=\"2026-04-03T16:20:41+00:00\" \/>\n<meta property=\"og:image\" content=\"https:\/\/arcadepowergame.fr\/wp-content\/uploads\/2022\/03\/Borne-Street-Fighter-2-black-edition-2--scaled.jpg\" \/>\n\t<meta property=\"og:image:width\" content=\"953\" \/>\n\t<meta property=\"og:image:height\" content=\"2048\" \/>\n\t<meta property=\"og:image:type\" content=\"image\/jpeg\" \/>\n<meta name=\"twitter:card\" content=\"summary_large_image\" \/>\n<meta name=\"twitter:label1\" content=\"Dur\u00e9e de lecture estim\u00e9e\" \/>\n\t<meta name=\"twitter:data1\" content=\"3 minutes\" \/>\n<script type=\"application\/ld+json\" class=\"yoast-schema-graph\">{\"@context\":\"https:\/\/schema.org\",\"@graph\":[{\"@type\":\"WebPage\",\"@id\":\"https:\/\/arcadepowergame.fr\/index.php\/produit\/borne-darcade-pc-edition-ultra-haute-performance-z27\/\",\"url\":\"https:\/\/arcadepowergame.fr\/index.php\/produit\/borne-darcade-pc-edition-ultra-haute-performance-z27\/\",\"name\":\"Borne d\u2019arcade PC \u2013 \u00c9dition Ultra Haute Performance Z27 | Arcade Power Game\",\"isPartOf\":{\"@id\":\"https:\/\/arcadepowergame.fr\/#website\"},\"primaryImageOfPage\":{\"@id\":\"https:\/\/arcadepowergame.fr\/index.php\/produit\/borne-darcade-pc-edition-ultra-haute-performance-z27\/#primaryimage\"},\"image\":{\"@id\":\"https:\/\/arcadepowergame.fr\/index.php\/produit\/borne-darcade-pc-edition-ultra-haute-performance-z27\/#primaryimage\"},\"thumbnailUrl\":\"https:\/\/arcadepowergame.fr\/wp-content\/uploads\/2022\/03\/Borne-Street-Fighter-2-black-edition-2--scaled.jpg\",\"datePublished\":\"2025-12-26T17:06:46+00:00\",\"dateModified\":\"2026-04-03T16:20:41+00:00\",\"description\":\"Borne d\u2019arcade PC Z27 ultra haute performance avec \u00e9cran 27\u2033, jeux r\u00e9tro et modernes, compatible Teknoparrot, PC gaming. Fabrication fran\u00e7aise premium.\",\"breadcrumb\":{\"@id\":\"https:\/\/arcadepowergame.fr\/index.php\/produit\/borne-darcade-pc-edition-ultra-haute-performance-z27\/#breadcrumb\"},\"inLanguage\":\"fr-FR\",\"potentialAction\":[{\"@type\":\"ReadAction\",\"target\":[\"https:\/\/arcadepowergame.fr\/index.php\/produit\/borne-darcade-pc-edition-ultra-haute-performance-z27\/\"]}]},{\"@type\":\"ImageObject\",\"inLanguage\":\"fr-FR\",\"@id\":\"https:\/\/arcadepowergame.fr\/index.php\/produit\/borne-darcade-pc-edition-ultra-haute-performance-z27\/#primaryimage\",\"url\":\"https:\/\/arcadepowergame.fr\/wp-content\/uploads\/2022\/03\/Borne-Street-Fighter-2-black-edition-2--scaled.jpg\",\"contentUrl\":\"https:\/\/arcadepowergame.fr\/wp-content\/uploads\/2022\/03\/Borne-Street-Fighter-2-black-edition-2--scaled.jpg\",\"width\":953,\"height\":2048},{\"@type\":\"BreadcrumbList\",\"@id\":\"https:\/\/arcadepowergame.fr\/index.php\/produit\/borne-darcade-pc-edition-ultra-haute-performance-z27\/#breadcrumb\",\"itemListElement\":[{\"@type\":\"ListItem\",\"position\":1,\"name\":\"Accueil\",\"item\":\"https:\/\/arcadepowergame.fr\/\"},{\"@type\":\"ListItem\",\"position\":2,\"name\":\"Boutique\",\"item\":\"https:\/\/arcadepowergame.fr\/index.php\/boutique\/\"},{\"@type\":\"ListItem\",\"position\":3,\"name\":\"Borne d\u2019arcade PC \u2013 Ultra haute performance\",\"item\":\"https:\/\/arcadepowergame.fr\/index.php\/categorie-produit\/borne-arcade-pc-ultra-haute-performance\/\"},{\"@type\":\"ListItem\",\"position\":4,\"name\":\"Borne d\u2019arcade PC \u2013 \u00c9dition Ultra Haute Performance Z27\"}]},{\"@type\":\"WebSite\",\"@id\":\"https:\/\/arcadepowergame.fr\/#website\",\"url\":\"https:\/\/arcadepowergame.fr\/\",\"name\":\"Arcade Power Game\",\"description\":\"Fabrication haut de gamme et sur mesure de bartops et bornes d&#039;arcade\",\"publisher\":{\"@id\":\"https:\/\/arcadepowergame.fr\/#organization\"},\"potentialAction\":[{\"@type\":\"SearchAction\",\"target\":{\"@type\":\"EntryPoint\",\"urlTemplate\":\"https:\/\/arcadepowergame.fr\/?s={search_term_string}\"},\"query-input\":{\"@type\":\"PropertyValueSpecification\",\"valueRequired\":true,\"valueName\":\"search_term_string\"}}],\"inLanguage\":\"fr-FR\"},{\"@type\":\"Organization\",\"@id\":\"https:\/\/arcadepowergame.fr\/#organization\",\"name\":\"Arcade Power Game\",\"url\":\"https:\/\/arcadepowergame.fr\/\",\"logo\":{\"@type\":\"ImageObject\",\"inLanguage\":\"fr-FR\",\"@id\":\"https:\/\/arcadepowergame.fr\/#\/schema\/logo\/image\/\",\"url\":\"https:\/\/arcadepowergame.fr\/wp-content\/uploads\/2021\/01\/Arcadepowergame1080p-e1611141951764.jpg\",\"contentUrl\":\"https:\/\/arcadepowergame.fr\/wp-content\/uploads\/2021\/01\/Arcadepowergame1080p-e1611141951764.jpg\",\"width\":610,\"height\":343,\"caption\":\"Arcade Power Game\"},\"image\":{\"@id\":\"https:\/\/arcadepowergame.fr\/#\/schema\/logo\/image\/\"},\"sameAs\":[\"https:\/\/www.facebook.com\/arcadepowergame\/?ref=bookmarks\"]}]}<\/script>\n<!-- \/ Yoast SEO plugin. -->","yoast_head_json":{"title":"Borne d\u2019arcade PC \u2013 \u00c9dition Ultra Haute Performance Z27 | Arcade Power Game","description":"Borne d\u2019arcade PC Z27 ultra haute performance avec \u00e9cran 27\u2033, jeux r\u00e9tro et modernes, compatible Teknoparrot, PC gaming. Fabrication fran\u00e7aise premium.","robots":{"index":"index","follow":"follow","max-snippet":"max-snippet:-1","max-image-preview":"max-image-preview:large","max-video-preview":"max-video-preview:-1"},"canonical":"https:\/\/arcadepowergame.fr\/index.php\/produit\/borne-darcade-pc-edition-ultra-haute-performance-z27\/","og_locale":"fr_FR","og_type":"article","og_title":"Borne d\u2019arcade PC \u2013 \u00c9dition Ultra Haute Performance Z27 | Arcade Power Game","og_description":"Borne d\u2019arcade PC Z27 ultra haute performance avec \u00e9cran 27\u2033, jeux r\u00e9tro et modernes, compatible Teknoparrot, PC gaming. Fabrication fran\u00e7aise premium.","og_url":"https:\/\/arcadepowergame.fr\/index.php\/produit\/borne-darcade-pc-edition-ultra-haute-performance-z27\/","og_site_name":"Arcade Power Game","article_publisher":"https:\/\/www.facebook.com\/arcadepowergame\/?ref=bookmarks","article_modified_time":"2026-04-03T16:20:41+00:00","og_image":[{"width":953,"height":2048,"url":"https:\/\/arcadepowergame.fr\/wp-content\/uploads\/2022\/03\/Borne-Street-Fighter-2-black-edition-2--scaled.jpg","type":"image\/jpeg"}],"twitter_card":"summary_large_image","twitter_misc":{"Dur\u00e9e de lecture estim\u00e9e":"3 minutes"},"schema":{"@context":"https:\/\/schema.org","@graph":[{"@type":"WebPage","@id":"https:\/\/arcadepowergame.fr\/index.php\/produit\/borne-darcade-pc-edition-ultra-haute-performance-z27\/","url":"https:\/\/arcadepowergame.fr\/index.php\/produit\/borne-darcade-pc-edition-ultra-haute-performance-z27\/","name":"Borne d\u2019arcade PC \u2013 \u00c9dition Ultra Haute Performance Z27 | Arcade Power Game","isPartOf":{"@id":"https:\/\/arcadepowergame.fr\/#website"},"primaryImageOfPage":{"@id":"https:\/\/arcadepowergame.fr\/index.php\/produit\/borne-darcade-pc-edition-ultra-haute-performance-z27\/#primaryimage"},"image":{"@id":"https:\/\/arcadepowergame.fr\/index.php\/produit\/borne-darcade-pc-edition-ultra-haute-performance-z27\/#primaryimage"},"thumbnailUrl":"https:\/\/arcadepowergame.fr\/wp-content\/uploads\/2022\/03\/Borne-Street-Fighter-2-black-edition-2--scaled.jpg","datePublished":"2025-12-26T17:06:46+00:00","dateModified":"2026-04-03T16:20:41+00:00","description":"Borne d\u2019arcade PC Z27 ultra haute performance avec \u00e9cran 27\u2033, jeux r\u00e9tro et modernes, compatible Teknoparrot, PC gaming. Fabrication fran\u00e7aise premium.","breadcrumb":{"@id":"https:\/\/arcadepowergame.fr\/index.php\/produit\/borne-darcade-pc-edition-ultra-haute-performance-z27\/#breadcrumb"},"inLanguage":"fr-FR","potentialAction":[{"@type":"ReadAction","target":["https:\/\/arcadepowergame.fr\/index.php\/produit\/borne-darcade-pc-edition-ultra-haute-performance-z27\/"]}]},{"@type":"ImageObject","inLanguage":"fr-FR","@id":"https:\/\/arcadepowergame.fr\/index.php\/produit\/borne-darcade-pc-edition-ultra-haute-performance-z27\/#primaryimage","url":"https:\/\/arcadepowergame.fr\/wp-content\/uploads\/2022\/03\/Borne-Street-Fighter-2-black-edition-2--scaled.jpg","contentUrl":"https:\/\/arcadepowergame.fr\/wp-content\/uploads\/2022\/03\/Borne-Street-Fighter-2-black-edition-2--scaled.jpg","width":953,"height":2048},{"@type":"BreadcrumbList","@id":"https:\/\/arcadepowergame.fr\/index.php\/produit\/borne-darcade-pc-edition-ultra-haute-performance-z27\/#breadcrumb","itemListElement":[{"@type":"ListItem","position":1,"name":"Accueil","item":"https:\/\/arcadepowergame.fr\/"},{"@type":"ListItem","position":2,"name":"Boutique","item":"https:\/\/arcadepowergame.fr\/index.php\/boutique\/"},{"@type":"ListItem","position":3,"name":"Borne d\u2019arcade PC \u2013 Ultra haute performance","item":"https:\/\/arcadepowergame.fr\/index.php\/categorie-produit\/borne-arcade-pc-ultra-haute-performance\/"},{"@type":"ListItem","position":4,"name":"Borne d\u2019arcade PC \u2013 \u00c9dition Ultra Haute Performance Z27"}]},{"@type":"WebSite","@id":"https:\/\/arcadepowergame.fr\/#website","url":"https:\/\/arcadepowergame.fr\/","name":"Arcade Power Game","description":"Fabrication haut de gamme et sur mesure de bartops et bornes d&#039;arcade","publisher":{"@id":"https:\/\/arcadepowergame.fr\/#organization"},"potentialAction":[{"@type":"SearchAction","target":{"@type":"EntryPoint","urlTemplate":"https:\/\/arcadepowergame.fr\/?s={search_term_string}"},"query-input":{"@type":"PropertyValueSpecification","valueRequired":true,"valueName":"search_term_string"}}],"inLanguage":"fr-FR"},{"@type":"Organization","@id":"https:\/\/arcadepowergame.fr\/#organization","name":"Arcade Power Game","url":"https:\/\/arcadepowergame.fr\/","logo":{"@type":"ImageObject","inLanguage":"fr-FR","@id":"https:\/\/arcadepowergame.fr\/#\/schema\/logo\/image\/","url":"https:\/\/arcadepowergame.fr\/wp-content\/uploads\/2021\/01\/Arcadepowergame1080p-e1611141951764.jpg","contentUrl":"https:\/\/arcadepowergame.fr\/wp-content\/uploads\/2021\/01\/Arcadepowergame1080p-e1611141951764.jpg","width":610,"height":343,"caption":"Arcade Power Game"},"image":{"@id":"https:\/\/arcadepowergame.fr\/#\/schema\/logo\/image\/"},"sameAs":["https:\/\/www.facebook.com\/arcadepowergame\/?ref=bookmarks"]}]}},"_links":{"self":[{"href":"https:\/\/arcadepowergame.fr\/index.php\/wp-json\/wp\/v2\/product\/2943914","targetHints":{"allow":["GET"]}}],"collection":[{"href":"https:\/\/arcadepowergame.fr\/index.php\/wp-json\/wp\/v2\/product"}],"about":[{"href":"https:\/\/arcadepowergame.fr\/index.php\/wp-json\/wp\/v2\/types\/product"}],"replies":[{"embeddable":true,"href":"https:\/\/arcadepowergame.fr\/index.php\/wp-json\/wp\/v2\/comments?post=2943914"}],"wp:featuredmedia":[{"embeddable":true,"href":"https:\/\/arcadepowergame.fr\/index.php\/wp-json\/wp\/v2\/media\/1926757"}],"wp:attachment":[{"href":"https:\/\/arcadepowergame.fr\/index.php\/wp-json\/wp\/v2\/media?parent=2943914"}],"wp:term":[{"taxonomy":"product_brand","embeddable":true,"href":"https:\/\/arcadepowergame.fr\/index.php\/wp-json\/wp\/v2\/product_brand?post=2943914"},{"taxonomy":"product_cat","embeddable":true,"href":"https:\/\/arcadepowergame.fr\/index.php\/wp-json\/wp\/v2\/product_cat?post=2943914"},{"taxonomy":"product_tag","embeddable":true,"href":"https:\/\/arcadepowergame.fr\/index.php\/wp-json\/wp\/v2\/product_tag?post=2943914"}],"curies":[{"name":"wp","href":"https:\/\/api.w.org\/{rel}","templated":true}]}}