{"id":2123140,"date":"2024-02-19T15:19:55","date_gmt":"2024-02-19T14:19:55","guid":{"rendered":"https:\/\/arcadepowergame.fr\/?post_type=product&#038;p=2123140"},"modified":"2026-04-03T18:59:08","modified_gmt":"2026-04-03T16:59:08","slug":"borne-arcade-super-mario","status":"publish","type":"product","link":"https:\/\/arcadepowergame.fr\/index.php\/produit\/borne-arcade-super-mario\/","title":{"rendered":"Borne arcade Super Mario"},"content":{"rendered":"<p>Retrouvez toute la magie des <strong>salles d\u2019arcade<\/strong> avec notre <strong>borne d&#8217;arcade haut de gamme sur mesure<\/strong>, la **Z27** et son <strong>impressionnant \u00e9cran de 27&#8243;<\/strong> !<\/p>\n<p>Con\u00e7ues avec une attention minutieuse \u00e0 chaque d\u00e9tail, nos <strong>bornes d&#8217;arcade sont \u00e9volutives<\/strong> et int\u00e8grent d\u00e8s le d\u00e9part <strong>les meilleurs composants<\/strong> disponibles sur la sc\u00e8ne arcade pour une <strong>exp\u00e9rience de jeu incomparable<\/strong>.<\/p>\n<p>Que ce soit pour <strong>les familles<\/strong> ou <strong>les professionnels<\/strong>, nos <strong>bornes d&#8217;arcade<\/strong> **<strong>pr\u00e9mium<\/strong>** offrent des moments inoubliables de <strong>convivialit\u00e9<\/strong> et de <strong>plaisir<\/strong>. Revivez les jeux de <strong>votre enfance<\/strong> et <strong>partagez cette passion<\/strong> avec vos <strong>proches<\/strong>.<\/p>\n<p>Destin\u00e9es aux fans de <strong>culture geek<\/strong>, de <strong>mangas,<\/strong> de <strong>jeux vid\u00e9o<\/strong> et de <strong>s\u00e9ries vintages<\/strong> des ann\u00e9es 80 et 90, nos bornes incarnent ce brin de <strong>nostalgie<\/strong> qui fait vibrer le c\u0153ur de tous les <strong>passionn\u00e9s<\/strong>.<\/p>\n<p>Et pour encore plus de <strong>fun<\/strong>, ajoutez les <strong>Sinden Lightgun<\/strong> afin de plonger dans des classiques comme *Virtua Cop 2*, *House of the Dead 2*, et bien d&#8217;autres.<\/p>\n<p>Descriptif :<\/p>\n<p>Syst\u00e8me :<\/p>\n<p>\u2013 <b>Mini pc Intel 3,600ghz<\/b><br \/>\n&#8211; Stockage ssd 512go<br \/>\n&#8211; 12go DDR5<br \/>\n\u2013 Caisson bois 19mm <strong>m\u00e9lamin\u00e9<\/strong> haute densit\u00e9 pour un caisson propre sans peinture pour un entretien facile<br \/>\n\u2013 <b>Caisson de basse <\/b>\u00e0 l&#8217;arri\u00e8re avec<b> kit son de 120w <\/b>pour un <b>son immersif de folie&nbsp;<\/b><br \/>\n\u2013 R\u00e9glage du volume &#8220;par bouton discret \u00e0 l&#8217;arri\u00e8re&#8221; avec <strong>sortie casque<\/strong><br \/>\n\u2013 <strong>Panel<\/strong> large incurv\u00e9 \u00e0 fermeture<br \/>\n\u2013 <strong>T-Molding<\/strong> am\u00e9ricain ( couleur au choix )<br \/>\n\u2013 <strong>Marquee<\/strong> et <strong>Bezel<\/strong> en verre de 4 mm&nbsp;<br \/>\n\u2013 &nbsp;<strong>Bouton ( haut de gamme japonais SANWA )<\/strong>couleur au choix avec custom lumineux ( d\u00e9sactivable )<br \/>\n\u2013 2 <strong>joysticks ( haut de gamme japonais SANWA&nbsp;)<\/strong>&nbsp;couleur au choix &nbsp;avec restricteur circulaire ( pour une meilleur approche des jeux de bastons ) et tige longue afin de ne pas frotter votre vinyle<br \/>\n\u2013 double sorti usb pour pouvoir rajouter des manettes, des gun ou un clavier usb<br \/>\n\u2013 <strong>Ecran gamer<\/strong> neuf 27\u2019\u2019 16 :9 neuf ( dalle IPS )<br \/>\n\u2013 Traitement <strong>Pixel Perfect <\/strong>sur 96% du syst\u00e8me ( encore mieux que les scanlines ) pour un rendu graphique au plus pr\u00eat du jeux original sans concession !!!<br \/>\n\u2013 Impression <strong>personnalisable sur mesure<\/strong> avec artwork PVC mate laminer traitement UV pour une meilleur resistance<br \/>\n\u2013 Dimensions P:71.3 cm \u2013 L:69 cm \u2013 H:174.6 cm<br \/>\n\u2013 Poids : 75kg<br \/>\n\u2013 <strong>La Borne d\u2019arcade<\/strong> &nbsp;est <strong>garantie<\/strong> 2 ans .<\/p>\n<p>&#8211; C<strong>onception<\/strong> , <strong>assemblage<\/strong> et l&#8217;<strong>usinage<\/strong>&nbsp;<strong>made in france <\/strong>pour <strong>les meilleurs bornes d&#8217;arcade <\/strong>au top de la<strong> qualit\u00e9<\/strong><\/p>\n<p><strong>Monnayeur<\/strong> \u00e0 double cash box actif possible , contactez nous<\/p>\n<p>D\u00e9lais de construction : 4 \u00e0 5 semaines . Un devis vous sera \u00e9dit\u00e9 avant de passer commande afin de que nous voyons ensemble <strong>votre projet<\/strong>.<\/p>\n<p>Des questions ? Contactez nous par t\u00e9l\u00e9phone au <strong>07.60.17.52.81<\/strong> ou par mail \u00e0 arcadepowergame@gmail.com<\/p>\n<p><strong>Arcade Power Game<\/strong><\/p>\n<p>&nbsp;<\/p>\n<p>Vid\u00e9o borne d&#8217;arcade Z27&nbsp;custom :<\/p>\n<p><iframe loading=\"lazy\" title=\"Borne d&#039;arcade haut de gamme mini pc\" width=\"640\" height=\"360\" src=\"https:\/\/www.youtube.com\/embed\/mxbiwGJZtoc?feature=oembed\" frameborder=\"0\" allow=\"accelerometer; autoplay; clipboard-write; encrypted-media; gyroscope; picture-in-picture; web-share\" referrerpolicy=\"strict-origin-when-cross-origin\" allowfullscreen><\/iframe><\/p>\n<p>&nbsp;<\/p>\n<p>&nbsp;<\/p>\n","protected":false},"excerpt":{"rendered":"<p>Notre&nbsp;<strong>borne d\u2019arcade<\/strong> inspir\u00e9 du c\u00e9l\u00e8bre <strong>jeux vid\u00e9o<\/strong> <strong>Super Mario.<\/strong><\/p>\n<p>&nbsp;Elle ravira tout les fans de <strong>jeux de plateforme<\/strong>. <strong>Mario<\/strong> un personnage fictif de <strong>jeux vid\u00e9o<\/strong> cr\u00e9\u00e9 par <strong>Nintendo<\/strong> o\u00f9 le personnage principal, Mario, sauve la <strong>princesse Peach<\/strong> des griffes de <strong>Bowser<\/strong>, le m\u00e9chant principal.<\/p>\n<p><strong>Luigi,<\/strong> le fr\u00e8re de Mario, et <strong>Yoshi<\/strong>, un dinosaure vert, <strong>Toad<\/strong> le champignon, sont \u00e9galement des personnages importants dans la s\u00e9rie. Tous poss\u00e8dent des capacit\u00e9s uniques telles que la transformation en <strong>Super Mario<\/strong>, le lancement de boules de feu, et la capacit\u00e9 de voler.<\/p>\n","protected":false},"featured_media":1108015,"comment_status":"open","ping_status":"closed","template":"","meta":{"_monsterinsights_skip_tracking":false,"_monsterinsights_sitenote_active":false,"_monsterinsights_sitenote_note":"","_monsterinsights_sitenote_category":0,"_mbp_gutenberg_autopost":false,"ngg_post_thumbnail":0},"product_brand":[],"product_cat":[34],"product_tag":[],"class_list":{"0":"post-2123140","1":"product","2":"type-product","3":"status-publish","4":"has-post-thumbnail","6":"product_cat-borne-arcade-premium-complet-pret-a-jouer","8":"first","9":"instock","10":"shipping-taxable","11":"purchasable","12":"product-type-simple"},"yoast_head":"<!-- This site is optimized with the Yoast SEO plugin v27.2 - https:\/\/yoast.com\/product\/yoast-seo-wordpress\/ -->\n<title>Borne arcade Super Mario | Raspberry Pi 5| Pc<\/title>\n<meta name=\"description\" content=\"Borne d&#039;arcade haut de gamme avec \u00e9cran HD 27&quot; , son immersif et une grande s\u00e9lection de jeux pour une exp\u00e9rience de jeu ultime. Neuve &amp; Garantie\" \/>\n<meta name=\"robots\" content=\"index, follow, max-snippet:-1, max-image-preview:large, max-video-preview:-1\" \/>\n<link rel=\"canonical\" href=\"https:\/\/arcadepowergame.fr\/index.php\/produit\/borne-arcade-super-mario\/\" \/>\n<meta property=\"og:locale\" content=\"fr_FR\" \/>\n<meta property=\"og:type\" content=\"article\" \/>\n<meta property=\"og:title\" content=\"Borne arcade Super Mario | Raspberry Pi 5| Pc\" \/>\n<meta property=\"og:description\" content=\"Borne d&#039;arcade haut de gamme avec \u00e9cran HD 27&quot; , son immersif et une grande s\u00e9lection de jeux pour une exp\u00e9rience de jeu ultime. Neuve &amp; Garantie\" \/>\n<meta property=\"og:url\" content=\"https:\/\/arcadepowergame.fr\/index.php\/produit\/borne-arcade-super-mario\/\" \/>\n<meta property=\"og:site_name\" content=\"Arcade Power Game\" \/>\n<meta property=\"article:publisher\" content=\"https:\/\/www.facebook.com\/arcadepowergame\/?ref=bookmarks\" \/>\n<meta property=\"article:modified_time\" content=\"2026-04-03T16:59:08+00:00\" \/>\n<meta property=\"og:image\" content=\"https:\/\/arcadepowergame.fr\/wp-content\/uploads\/2022\/02\/borne-arcade-power-game-mario-pop-.-scaled-e1644397935140.jpg\" \/>\n\t<meta property=\"og:image:width\" content=\"288\" \/>\n\t<meta property=\"og:image:height\" content=\"575\" \/>\n\t<meta property=\"og:image:type\" content=\"image\/jpeg\" \/>\n<meta name=\"twitter:card\" content=\"summary_large_image\" \/>\n<meta name=\"twitter:label1\" content=\"Dur\u00e9e de lecture estim\u00e9e\" \/>\n\t<meta name=\"twitter:data1\" content=\"3 minutes\" \/>\n<script type=\"application\/ld+json\" class=\"yoast-schema-graph\">{\"@context\":\"https:\/\/schema.org\",\"@graph\":[{\"@type\":\"WebPage\",\"@id\":\"https:\/\/arcadepowergame.fr\/index.php\/produit\/borne-arcade-super-mario\/\",\"url\":\"https:\/\/arcadepowergame.fr\/index.php\/produit\/borne-arcade-super-mario\/\",\"name\":\"Borne arcade Super Mario | Raspberry Pi 5| Pc\",\"isPartOf\":{\"@id\":\"https:\/\/arcadepowergame.fr\/#website\"},\"primaryImageOfPage\":{\"@id\":\"https:\/\/arcadepowergame.fr\/index.php\/produit\/borne-arcade-super-mario\/#primaryimage\"},\"image\":{\"@id\":\"https:\/\/arcadepowergame.fr\/index.php\/produit\/borne-arcade-super-mario\/#primaryimage\"},\"thumbnailUrl\":\"https:\/\/arcadepowergame.fr\/wp-content\/uploads\/2022\/02\/borne-arcade-power-game-mario-pop-.-scaled-e1644397935140.jpg\",\"datePublished\":\"2024-02-19T14:19:55+00:00\",\"dateModified\":\"2026-04-03T16:59:08+00:00\",\"description\":\"Borne d'arcade haut de gamme avec \u00e9cran HD 27\\\" , son immersif et une grande s\u00e9lection de jeux pour une exp\u00e9rience de jeu ultime. Neuve & Garantie\",\"breadcrumb\":{\"@id\":\"https:\/\/arcadepowergame.fr\/index.php\/produit\/borne-arcade-super-mario\/#breadcrumb\"},\"inLanguage\":\"fr-FR\",\"potentialAction\":[{\"@type\":\"ReadAction\",\"target\":[\"https:\/\/arcadepowergame.fr\/index.php\/produit\/borne-arcade-super-mario\/\"]}]},{\"@type\":\"ImageObject\",\"inLanguage\":\"fr-FR\",\"@id\":\"https:\/\/arcadepowergame.fr\/index.php\/produit\/borne-arcade-super-mario\/#primaryimage\",\"url\":\"https:\/\/arcadepowergame.fr\/wp-content\/uploads\/2022\/02\/borne-arcade-power-game-mario-pop-.-scaled-e1644397935140.jpg\",\"contentUrl\":\"https:\/\/arcadepowergame.fr\/wp-content\/uploads\/2022\/02\/borne-arcade-power-game-mario-pop-.-scaled-e1644397935140.jpg\",\"width\":288,\"height\":575,\"caption\":\"Borne d'arcade Mario design fa\u00e7on Pop Art\"},{\"@type\":\"BreadcrumbList\",\"@id\":\"https:\/\/arcadepowergame.fr\/index.php\/produit\/borne-arcade-super-mario\/#breadcrumb\",\"itemListElement\":[{\"@type\":\"ListItem\",\"position\":1,\"name\":\"Accueil\",\"item\":\"https:\/\/arcadepowergame.fr\/\"},{\"@type\":\"ListItem\",\"position\":2,\"name\":\"Boutique\",\"item\":\"https:\/\/arcadepowergame.fr\/index.php\/boutique\/\"},{\"@type\":\"ListItem\",\"position\":3,\"name\":\"Borne Arcade Premium pr\u00eat \u00e0 jouer Z27\",\"item\":\"https:\/\/arcadepowergame.fr\/index.php\/categorie-produit\/borne-arcade-premium-complet-pret-a-jouer\/\"},{\"@type\":\"ListItem\",\"position\":4,\"name\":\"Borne arcade Super Mario\"}]},{\"@type\":\"WebSite\",\"@id\":\"https:\/\/arcadepowergame.fr\/#website\",\"url\":\"https:\/\/arcadepowergame.fr\/\",\"name\":\"Arcade Power Game\",\"description\":\"Fabrication haut de gamme et sur mesure de bartops et bornes d&#039;arcade\",\"publisher\":{\"@id\":\"https:\/\/arcadepowergame.fr\/#organization\"},\"potentialAction\":[{\"@type\":\"SearchAction\",\"target\":{\"@type\":\"EntryPoint\",\"urlTemplate\":\"https:\/\/arcadepowergame.fr\/?s={search_term_string}\"},\"query-input\":{\"@type\":\"PropertyValueSpecification\",\"valueRequired\":true,\"valueName\":\"search_term_string\"}}],\"inLanguage\":\"fr-FR\"},{\"@type\":\"Organization\",\"@id\":\"https:\/\/arcadepowergame.fr\/#organization\",\"name\":\"Arcade Power Game\",\"url\":\"https:\/\/arcadepowergame.fr\/\",\"logo\":{\"@type\":\"ImageObject\",\"inLanguage\":\"fr-FR\",\"@id\":\"https:\/\/arcadepowergame.fr\/#\/schema\/logo\/image\/\",\"url\":\"https:\/\/arcadepowergame.fr\/wp-content\/uploads\/2021\/01\/Arcadepowergame1080p-e1611141951764.jpg\",\"contentUrl\":\"https:\/\/arcadepowergame.fr\/wp-content\/uploads\/2021\/01\/Arcadepowergame1080p-e1611141951764.jpg\",\"width\":610,\"height\":343,\"caption\":\"Arcade Power Game\"},\"image\":{\"@id\":\"https:\/\/arcadepowergame.fr\/#\/schema\/logo\/image\/\"},\"sameAs\":[\"https:\/\/www.facebook.com\/arcadepowergame\/?ref=bookmarks\"]}]}<\/script>\n<!-- \/ Yoast SEO plugin. -->","yoast_head_json":{"title":"Borne arcade Super Mario | Raspberry Pi 5| Pc","description":"Borne d'arcade haut de gamme avec \u00e9cran HD 27\" , son immersif et une grande s\u00e9lection de jeux pour une exp\u00e9rience de jeu ultime. Neuve & Garantie","robots":{"index":"index","follow":"follow","max-snippet":"max-snippet:-1","max-image-preview":"max-image-preview:large","max-video-preview":"max-video-preview:-1"},"canonical":"https:\/\/arcadepowergame.fr\/index.php\/produit\/borne-arcade-super-mario\/","og_locale":"fr_FR","og_type":"article","og_title":"Borne arcade Super Mario | Raspberry Pi 5| Pc","og_description":"Borne d'arcade haut de gamme avec \u00e9cran HD 27\" , son immersif et une grande s\u00e9lection de jeux pour une exp\u00e9rience de jeu ultime. Neuve & Garantie","og_url":"https:\/\/arcadepowergame.fr\/index.php\/produit\/borne-arcade-super-mario\/","og_site_name":"Arcade Power Game","article_publisher":"https:\/\/www.facebook.com\/arcadepowergame\/?ref=bookmarks","article_modified_time":"2026-04-03T16:59:08+00:00","og_image":[{"width":288,"height":575,"url":"https:\/\/arcadepowergame.fr\/wp-content\/uploads\/2022\/02\/borne-arcade-power-game-mario-pop-.-scaled-e1644397935140.jpg","type":"image\/jpeg"}],"twitter_card":"summary_large_image","twitter_misc":{"Dur\u00e9e de lecture estim\u00e9e":"3 minutes"},"schema":{"@context":"https:\/\/schema.org","@graph":[{"@type":"WebPage","@id":"https:\/\/arcadepowergame.fr\/index.php\/produit\/borne-arcade-super-mario\/","url":"https:\/\/arcadepowergame.fr\/index.php\/produit\/borne-arcade-super-mario\/","name":"Borne arcade Super Mario | Raspberry Pi 5| Pc","isPartOf":{"@id":"https:\/\/arcadepowergame.fr\/#website"},"primaryImageOfPage":{"@id":"https:\/\/arcadepowergame.fr\/index.php\/produit\/borne-arcade-super-mario\/#primaryimage"},"image":{"@id":"https:\/\/arcadepowergame.fr\/index.php\/produit\/borne-arcade-super-mario\/#primaryimage"},"thumbnailUrl":"https:\/\/arcadepowergame.fr\/wp-content\/uploads\/2022\/02\/borne-arcade-power-game-mario-pop-.-scaled-e1644397935140.jpg","datePublished":"2024-02-19T14:19:55+00:00","dateModified":"2026-04-03T16:59:08+00:00","description":"Borne d'arcade haut de gamme avec \u00e9cran HD 27\" , son immersif et une grande s\u00e9lection de jeux pour une exp\u00e9rience de jeu ultime. Neuve & Garantie","breadcrumb":{"@id":"https:\/\/arcadepowergame.fr\/index.php\/produit\/borne-arcade-super-mario\/#breadcrumb"},"inLanguage":"fr-FR","potentialAction":[{"@type":"ReadAction","target":["https:\/\/arcadepowergame.fr\/index.php\/produit\/borne-arcade-super-mario\/"]}]},{"@type":"ImageObject","inLanguage":"fr-FR","@id":"https:\/\/arcadepowergame.fr\/index.php\/produit\/borne-arcade-super-mario\/#primaryimage","url":"https:\/\/arcadepowergame.fr\/wp-content\/uploads\/2022\/02\/borne-arcade-power-game-mario-pop-.-scaled-e1644397935140.jpg","contentUrl":"https:\/\/arcadepowergame.fr\/wp-content\/uploads\/2022\/02\/borne-arcade-power-game-mario-pop-.-scaled-e1644397935140.jpg","width":288,"height":575,"caption":"Borne d'arcade Mario design fa\u00e7on Pop Art"},{"@type":"BreadcrumbList","@id":"https:\/\/arcadepowergame.fr\/index.php\/produit\/borne-arcade-super-mario\/#breadcrumb","itemListElement":[{"@type":"ListItem","position":1,"name":"Accueil","item":"https:\/\/arcadepowergame.fr\/"},{"@type":"ListItem","position":2,"name":"Boutique","item":"https:\/\/arcadepowergame.fr\/index.php\/boutique\/"},{"@type":"ListItem","position":3,"name":"Borne Arcade Premium pr\u00eat \u00e0 jouer Z27","item":"https:\/\/arcadepowergame.fr\/index.php\/categorie-produit\/borne-arcade-premium-complet-pret-a-jouer\/"},{"@type":"ListItem","position":4,"name":"Borne arcade Super Mario"}]},{"@type":"WebSite","@id":"https:\/\/arcadepowergame.fr\/#website","url":"https:\/\/arcadepowergame.fr\/","name":"Arcade Power Game","description":"Fabrication haut de gamme et sur mesure de bartops et bornes d&#039;arcade","publisher":{"@id":"https:\/\/arcadepowergame.fr\/#organization"},"potentialAction":[{"@type":"SearchAction","target":{"@type":"EntryPoint","urlTemplate":"https:\/\/arcadepowergame.fr\/?s={search_term_string}"},"query-input":{"@type":"PropertyValueSpecification","valueRequired":true,"valueName":"search_term_string"}}],"inLanguage":"fr-FR"},{"@type":"Organization","@id":"https:\/\/arcadepowergame.fr\/#organization","name":"Arcade Power Game","url":"https:\/\/arcadepowergame.fr\/","logo":{"@type":"ImageObject","inLanguage":"fr-FR","@id":"https:\/\/arcadepowergame.fr\/#\/schema\/logo\/image\/","url":"https:\/\/arcadepowergame.fr\/wp-content\/uploads\/2021\/01\/Arcadepowergame1080p-e1611141951764.jpg","contentUrl":"https:\/\/arcadepowergame.fr\/wp-content\/uploads\/2021\/01\/Arcadepowergame1080p-e1611141951764.jpg","width":610,"height":343,"caption":"Arcade Power Game"},"image":{"@id":"https:\/\/arcadepowergame.fr\/#\/schema\/logo\/image\/"},"sameAs":["https:\/\/www.facebook.com\/arcadepowergame\/?ref=bookmarks"]}]}},"_links":{"self":[{"href":"https:\/\/arcadepowergame.fr\/index.php\/wp-json\/wp\/v2\/product\/2123140","targetHints":{"allow":["GET"]}}],"collection":[{"href":"https:\/\/arcadepowergame.fr\/index.php\/wp-json\/wp\/v2\/product"}],"about":[{"href":"https:\/\/arcadepowergame.fr\/index.php\/wp-json\/wp\/v2\/types\/product"}],"replies":[{"embeddable":true,"href":"https:\/\/arcadepowergame.fr\/index.php\/wp-json\/wp\/v2\/comments?post=2123140"}],"wp:featuredmedia":[{"embeddable":true,"href":"https:\/\/arcadepowergame.fr\/index.php\/wp-json\/wp\/v2\/media\/1108015"}],"wp:attachment":[{"href":"https:\/\/arcadepowergame.fr\/index.php\/wp-json\/wp\/v2\/media?parent=2123140"}],"wp:term":[{"taxonomy":"product_brand","embeddable":true,"href":"https:\/\/arcadepowergame.fr\/index.php\/wp-json\/wp\/v2\/product_brand?post=2123140"},{"taxonomy":"product_cat","embeddable":true,"href":"https:\/\/arcadepowergame.fr\/index.php\/wp-json\/wp\/v2\/product_cat?post=2123140"},{"taxonomy":"product_tag","embeddable":true,"href":"https:\/\/arcadepowergame.fr\/index.php\/wp-json\/wp\/v2\/product_tag?post=2123140"}],"curies":[{"name":"wp","href":"https:\/\/api.w.org\/{rel}","templated":true}]}}