{"id":348,"date":"2017-08-20T17:32:16","date_gmt":"2017-08-20T15:32:16","guid":{"rendered":"http:\/\/arcadepowergame.fr\/?page_id=348"},"modified":"2023-01-05T17:27:24","modified_gmt":"2023-01-05T16:27:24","slug":"qui-sommes-nous","status":"publish","type":"page","link":"https:\/\/arcadepowergame.fr\/index.php\/qui-sommes-nous\/","title":{"rendered":"Qui sommes nous ?"},"content":{"rendered":"<p>Arcade Power Game est une entreprise professionnelle bas\u00e9e \u00e0 Clermont-Ferrand.Elle est sp\u00e9cialis\u00e9e dans la fabrication et la conception haut de gamme de bartop , borne d&#8217;arcade , stick arcade \/ console r\u00e9tro gaming , bartop.<\/p>\n<p><img loading=\"lazy\" decoding=\"async\" class=\"alignnone size-full wp-image-781848\" src=\"https:\/\/arcadepowergame.fr\/wp-content\/uploads\/2021\/01\/Borne-Design-Arcade-Power-Game-Nokat-scaled-e1609921194392.jpg\" alt=\"\" width=\"370\" height=\"765\"><\/p>\n<p>Elle s\u00e9lectionne pour vous les <strong>meilleurs mat\u00e9riaux<\/strong> et pi\u00e8ces \u00e0 travers la plan\u00e8te afin de vous offrir un produit qui vous ressemblera .<\/p>\n<p>Chez Arcade Power Game , les <strong>bartop<\/strong> et <strong>borne d&#8217;arcade<\/strong> sont exclusivement fabriqu\u00e9s en <strong>m\u00e9lamin\u00e9 haute densit\u00e9<\/strong> ,ce qui vous assurera une solidit\u00e9 hors du commun ceci meme avec des enfants. Les <strong>personnalisations<\/strong> sont faites par des professionnels ou artiste . les bornes d&#8217;arcade disposent de <strong>nombreux jeux<\/strong>.<\/p>\n<p>Sa technique et ses ann\u00e9es d&#8217;exp\u00e9rience en font un des leaders du march\u00e9 fran\u00e7ais<\/p>\n<p>Arcade Power Game c&#8217;est d&#8217;abord un passionn\u00e9 de r\u00e9tro gaming et la qualit\u00e9 avant la quantit\u00e9<\/p>\n<p>Contact : 07 60 17 52 81<br \/>\nMail : arcadepowergame@gmail.com<br \/>\nFan page : https:\/\/www.facebook.com\/arcadepowergame\/?ref=bookmarks<\/p>\n","protected":false},"excerpt":{"rendered":"<p>Arcade Power Game est une entreprise professionnelle bas\u00e9e \u00e0 Clermont-Ferrand.Elle est sp\u00e9cialis\u00e9e dans la fabrication et la conception haut de gamme de bartop , borne d&#8217;arcade , stick arcade \/ console r\u00e9tro gaming , bartop. Elle s\u00e9lectionne pour vous les meilleurs mat\u00e9riaux et pi\u00e8ces \u00e0 travers la plan\u00e8te afin de vous offrir un produit qui [&hellip;]<\/p>\n","protected":false},"author":1,"featured_media":0,"parent":0,"menu_order":0,"comment_status":"closed","ping_status":"closed","template":"","meta":{"_monsterinsights_skip_tracking":false,"_monsterinsights_sitenote_active":false,"_monsterinsights_sitenote_note":"","_monsterinsights_sitenote_category":0,"_mbp_gutenberg_autopost":false,"ngg_post_thumbnail":0,"footnotes":""},"class_list":["post-348","page","type-page","status-publish","hentry"],"yoast_head":"<!-- This site is optimized with the Yoast SEO plugin v27.2 - https:\/\/yoast.com\/product\/yoast-seo-wordpress\/ -->\n<title>Qui sommes nous ? | Arcade Power Game<\/title>\n<meta name=\"robots\" content=\"index, follow, max-snippet:-1, max-image-preview:large, max-video-preview:-1\" \/>\n<link rel=\"canonical\" href=\"https:\/\/arcadepowergame.fr\/index.php\/qui-sommes-nous\/\" \/>\n<meta property=\"og:locale\" content=\"fr_FR\" \/>\n<meta property=\"og:type\" content=\"article\" \/>\n<meta property=\"og:title\" content=\"Qui sommes nous ? | Arcade Power Game\" \/>\n<meta property=\"og:description\" content=\"Arcade Power Game est une entreprise professionnelle bas\u00e9e \u00e0 Clermont-Ferrand.Elle est sp\u00e9cialis\u00e9e dans la fabrication et la conception haut de gamme de bartop , borne d&#8217;arcade , stick arcade \/ console r\u00e9tro gaming , bartop. Elle s\u00e9lectionne pour vous les meilleurs mat\u00e9riaux et pi\u00e8ces \u00e0 travers la plan\u00e8te afin de vous offrir un produit qui [&hellip;]\" \/>\n<meta property=\"og:url\" content=\"https:\/\/arcadepowergame.fr\/index.php\/qui-sommes-nous\/\" \/>\n<meta property=\"og:site_name\" content=\"Arcade Power Game\" \/>\n<meta property=\"article:publisher\" content=\"https:\/\/www.facebook.com\/arcadepowergame\/?ref=bookmarks\" \/>\n<meta property=\"article:modified_time\" content=\"2023-01-05T16:27:24+00:00\" \/>\n<meta property=\"og:image\" content=\"https:\/\/arcadepowergame.fr\/wp-content\/uploads\/2021\/01\/Borne-Design-Arcade-Power-Game-Nokat-scaled-e1609921194392.jpg\" \/>\n<meta name=\"twitter:card\" content=\"summary_large_image\" \/>\n<meta name=\"twitter:label1\" content=\"Dur\u00e9e de lecture estim\u00e9e\" \/>\n\t<meta name=\"twitter:data1\" content=\"1 minute\" \/>\n<script type=\"application\/ld+json\" class=\"yoast-schema-graph\">{\"@context\":\"https:\/\/schema.org\",\"@graph\":[{\"@type\":\"WebPage\",\"@id\":\"https:\/\/arcadepowergame.fr\/index.php\/qui-sommes-nous\/\",\"url\":\"https:\/\/arcadepowergame.fr\/index.php\/qui-sommes-nous\/\",\"name\":\"Qui sommes nous ? | Arcade Power Game\",\"isPartOf\":{\"@id\":\"https:\/\/arcadepowergame.fr\/#website\"},\"primaryImageOfPage\":{\"@id\":\"https:\/\/arcadepowergame.fr\/index.php\/qui-sommes-nous\/#primaryimage\"},\"image\":{\"@id\":\"https:\/\/arcadepowergame.fr\/index.php\/qui-sommes-nous\/#primaryimage\"},\"thumbnailUrl\":\"https:\/\/arcadepowergame.fr\/wp-content\/uploads\/2021\/01\/Borne-Design-Arcade-Power-Game-Nokat-scaled-e1609921194392.jpg\",\"datePublished\":\"2017-08-20T15:32:16+00:00\",\"dateModified\":\"2023-01-05T16:27:24+00:00\",\"breadcrumb\":{\"@id\":\"https:\/\/arcadepowergame.fr\/index.php\/qui-sommes-nous\/#breadcrumb\"},\"inLanguage\":\"fr-FR\",\"potentialAction\":[{\"@type\":\"ReadAction\",\"target\":[\"https:\/\/arcadepowergame.fr\/index.php\/qui-sommes-nous\/\"]}]},{\"@type\":\"ImageObject\",\"inLanguage\":\"fr-FR\",\"@id\":\"https:\/\/arcadepowergame.fr\/index.php\/qui-sommes-nous\/#primaryimage\",\"url\":\"https:\/\/arcadepowergame.fr\/wp-content\/uploads\/2021\/01\/Borne-Design-Arcade-Power-Game-Nokat-scaled-e1609921194392.jpg\",\"contentUrl\":\"https:\/\/arcadepowergame.fr\/wp-content\/uploads\/2021\/01\/Borne-Design-Arcade-Power-Game-Nokat-scaled-e1609921194392.jpg\",\"width\":370,\"height\":765},{\"@type\":\"BreadcrumbList\",\"@id\":\"https:\/\/arcadepowergame.fr\/index.php\/qui-sommes-nous\/#breadcrumb\",\"itemListElement\":[{\"@type\":\"ListItem\",\"position\":1,\"name\":\"Accueil\",\"item\":\"https:\/\/arcadepowergame.fr\/\"},{\"@type\":\"ListItem\",\"position\":2,\"name\":\"Qui sommes nous ?\"}]},{\"@type\":\"WebSite\",\"@id\":\"https:\/\/arcadepowergame.fr\/#website\",\"url\":\"https:\/\/arcadepowergame.fr\/\",\"name\":\"Arcade Power Game\",\"description\":\"Fabrication haut de gamme et sur mesure de bartops et bornes d&#039;arcade\",\"publisher\":{\"@id\":\"https:\/\/arcadepowergame.fr\/#organization\"},\"potentialAction\":[{\"@type\":\"SearchAction\",\"target\":{\"@type\":\"EntryPoint\",\"urlTemplate\":\"https:\/\/arcadepowergame.fr\/?s={search_term_string}\"},\"query-input\":{\"@type\":\"PropertyValueSpecification\",\"valueRequired\":true,\"valueName\":\"search_term_string\"}}],\"inLanguage\":\"fr-FR\"},{\"@type\":\"Organization\",\"@id\":\"https:\/\/arcadepowergame.fr\/#organization\",\"name\":\"Arcade Power Game\",\"url\":\"https:\/\/arcadepowergame.fr\/\",\"logo\":{\"@type\":\"ImageObject\",\"inLanguage\":\"fr-FR\",\"@id\":\"https:\/\/arcadepowergame.fr\/#\/schema\/logo\/image\/\",\"url\":\"https:\/\/arcadepowergame.fr\/wp-content\/uploads\/2021\/01\/Arcadepowergame1080p-e1611141951764.jpg\",\"contentUrl\":\"https:\/\/arcadepowergame.fr\/wp-content\/uploads\/2021\/01\/Arcadepowergame1080p-e1611141951764.jpg\",\"width\":610,\"height\":343,\"caption\":\"Arcade Power Game\"},\"image\":{\"@id\":\"https:\/\/arcadepowergame.fr\/#\/schema\/logo\/image\/\"},\"sameAs\":[\"https:\/\/www.facebook.com\/arcadepowergame\/?ref=bookmarks\"]}]}<\/script>\n<!-- \/ Yoast SEO plugin. -->","yoast_head_json":{"title":"Qui sommes nous ? | Arcade Power Game","robots":{"index":"index","follow":"follow","max-snippet":"max-snippet:-1","max-image-preview":"max-image-preview:large","max-video-preview":"max-video-preview:-1"},"canonical":"https:\/\/arcadepowergame.fr\/index.php\/qui-sommes-nous\/","og_locale":"fr_FR","og_type":"article","og_title":"Qui sommes nous ? | Arcade Power Game","og_description":"Arcade Power Game est une entreprise professionnelle bas\u00e9e \u00e0 Clermont-Ferrand.Elle est sp\u00e9cialis\u00e9e dans la fabrication et la conception haut de gamme de bartop , borne d&#8217;arcade , stick arcade \/ console r\u00e9tro gaming , bartop. Elle s\u00e9lectionne pour vous les meilleurs mat\u00e9riaux et pi\u00e8ces \u00e0 travers la plan\u00e8te afin de vous offrir un produit qui [&hellip;]","og_url":"https:\/\/arcadepowergame.fr\/index.php\/qui-sommes-nous\/","og_site_name":"Arcade Power Game","article_publisher":"https:\/\/www.facebook.com\/arcadepowergame\/?ref=bookmarks","article_modified_time":"2023-01-05T16:27:24+00:00","og_image":[{"url":"https:\/\/arcadepowergame.fr\/wp-content\/uploads\/2021\/01\/Borne-Design-Arcade-Power-Game-Nokat-scaled-e1609921194392.jpg","type":"","width":"","height":""}],"twitter_card":"summary_large_image","twitter_misc":{"Dur\u00e9e de lecture estim\u00e9e":"1 minute"},"schema":{"@context":"https:\/\/schema.org","@graph":[{"@type":"WebPage","@id":"https:\/\/arcadepowergame.fr\/index.php\/qui-sommes-nous\/","url":"https:\/\/arcadepowergame.fr\/index.php\/qui-sommes-nous\/","name":"Qui sommes nous ? | Arcade Power Game","isPartOf":{"@id":"https:\/\/arcadepowergame.fr\/#website"},"primaryImageOfPage":{"@id":"https:\/\/arcadepowergame.fr\/index.php\/qui-sommes-nous\/#primaryimage"},"image":{"@id":"https:\/\/arcadepowergame.fr\/index.php\/qui-sommes-nous\/#primaryimage"},"thumbnailUrl":"https:\/\/arcadepowergame.fr\/wp-content\/uploads\/2021\/01\/Borne-Design-Arcade-Power-Game-Nokat-scaled-e1609921194392.jpg","datePublished":"2017-08-20T15:32:16+00:00","dateModified":"2023-01-05T16:27:24+00:00","breadcrumb":{"@id":"https:\/\/arcadepowergame.fr\/index.php\/qui-sommes-nous\/#breadcrumb"},"inLanguage":"fr-FR","potentialAction":[{"@type":"ReadAction","target":["https:\/\/arcadepowergame.fr\/index.php\/qui-sommes-nous\/"]}]},{"@type":"ImageObject","inLanguage":"fr-FR","@id":"https:\/\/arcadepowergame.fr\/index.php\/qui-sommes-nous\/#primaryimage","url":"https:\/\/arcadepowergame.fr\/wp-content\/uploads\/2021\/01\/Borne-Design-Arcade-Power-Game-Nokat-scaled-e1609921194392.jpg","contentUrl":"https:\/\/arcadepowergame.fr\/wp-content\/uploads\/2021\/01\/Borne-Design-Arcade-Power-Game-Nokat-scaled-e1609921194392.jpg","width":370,"height":765},{"@type":"BreadcrumbList","@id":"https:\/\/arcadepowergame.fr\/index.php\/qui-sommes-nous\/#breadcrumb","itemListElement":[{"@type":"ListItem","position":1,"name":"Accueil","item":"https:\/\/arcadepowergame.fr\/"},{"@type":"ListItem","position":2,"name":"Qui sommes nous ?"}]},{"@type":"WebSite","@id":"https:\/\/arcadepowergame.fr\/#website","url":"https:\/\/arcadepowergame.fr\/","name":"Arcade Power Game","description":"Fabrication haut de gamme et sur mesure de bartops et bornes d&#039;arcade","publisher":{"@id":"https:\/\/arcadepowergame.fr\/#organization"},"potentialAction":[{"@type":"SearchAction","target":{"@type":"EntryPoint","urlTemplate":"https:\/\/arcadepowergame.fr\/?s={search_term_string}"},"query-input":{"@type":"PropertyValueSpecification","valueRequired":true,"valueName":"search_term_string"}}],"inLanguage":"fr-FR"},{"@type":"Organization","@id":"https:\/\/arcadepowergame.fr\/#organization","name":"Arcade Power Game","url":"https:\/\/arcadepowergame.fr\/","logo":{"@type":"ImageObject","inLanguage":"fr-FR","@id":"https:\/\/arcadepowergame.fr\/#\/schema\/logo\/image\/","url":"https:\/\/arcadepowergame.fr\/wp-content\/uploads\/2021\/01\/Arcadepowergame1080p-e1611141951764.jpg","contentUrl":"https:\/\/arcadepowergame.fr\/wp-content\/uploads\/2021\/01\/Arcadepowergame1080p-e1611141951764.jpg","width":610,"height":343,"caption":"Arcade Power Game"},"image":{"@id":"https:\/\/arcadepowergame.fr\/#\/schema\/logo\/image\/"},"sameAs":["https:\/\/www.facebook.com\/arcadepowergame\/?ref=bookmarks"]}]}},"_links":{"self":[{"href":"https:\/\/arcadepowergame.fr\/index.php\/wp-json\/wp\/v2\/pages\/348","targetHints":{"allow":["GET"]}}],"collection":[{"href":"https:\/\/arcadepowergame.fr\/index.php\/wp-json\/wp\/v2\/pages"}],"about":[{"href":"https:\/\/arcadepowergame.fr\/index.php\/wp-json\/wp\/v2\/types\/page"}],"author":[{"embeddable":true,"href":"https:\/\/arcadepowergame.fr\/index.php\/wp-json\/wp\/v2\/users\/1"}],"replies":[{"embeddable":true,"href":"https:\/\/arcadepowergame.fr\/index.php\/wp-json\/wp\/v2\/comments?post=348"}],"version-history":[{"count":7,"href":"https:\/\/arcadepowergame.fr\/index.php\/wp-json\/wp\/v2\/pages\/348\/revisions"}],"predecessor-version":[{"id":1386146,"href":"https:\/\/arcadepowergame.fr\/index.php\/wp-json\/wp\/v2\/pages\/348\/revisions\/1386146"}],"wp:attachment":[{"href":"https:\/\/arcadepowergame.fr\/index.php\/wp-json\/wp\/v2\/media?parent=348"}],"curies":[{"name":"wp","href":"https:\/\/api.w.org\/{rel}","templated":true}]}}