{"id":2,"date":"2017-07-18T11:34:31","date_gmt":"2017-07-18T09:34:31","guid":{"rendered":"http:\/\/arcadepowergame.fr\/?page_id=2"},"modified":"2026-03-11T16:40:26","modified_gmt":"2026-03-11T15:40:26","slug":"borne-arcade-haut-de-gamme","status":"publish","type":"page","link":"https:\/\/arcadepowergame.fr\/","title":{"rendered":"Borne arcade"},"content":{"rendered":"<p>&nbsp;<\/p>\n<div class=\"mceTemp\">&nbsp;<\/div>\n<p><img loading=\"lazy\" decoding=\"async\" class=\"wp-image-1385454 aligncenter\" src=\"https:\/\/arcadepowergame.fr\/wp-content\/uploads\/2023\/01\/borne-arcade-bornes-arcade-street-fighter-pac-man-ma-borne-arcade-arcade-legacy-king-arcade-arcade-vintage-smallcab-boutons-neo-legend-retropad-bornes-arcade-mario-bouton-joystick-sanwa--scaled.jpg\" alt=\"borne arcade retour vers le futur\" width=\"323\" height=\"659\" srcset=\"https:\/\/arcadepowergame.fr\/wp-content\/uploads\/2023\/01\/borne-arcade-bornes-arcade-street-fighter-pac-man-ma-borne-arcade-arcade-legacy-king-arcade-arcade-vintage-smallcab-boutons-neo-legend-retropad-bornes-arcade-mario-bouton-joystick-sanwa--scaled.jpg 1004w, https:\/\/arcadepowergame.fr\/wp-content\/uploads\/2023\/01\/borne-arcade-bornes-arcade-street-fighter-pac-man-ma-borne-arcade-arcade-legacy-king-arcade-arcade-vintage-smallcab-boutons-neo-legend-retropad-bornes-arcade-mario-bouton-joystick-sanwa--147x300.jpg 147w, https:\/\/arcadepowergame.fr\/wp-content\/uploads\/2023\/01\/borne-arcade-bornes-arcade-street-fighter-pac-man-ma-borne-arcade-arcade-legacy-king-arcade-arcade-vintage-smallcab-boutons-neo-legend-retropad-bornes-arcade-mario-bouton-joystick-sanwa--502x1024.jpg 502w, https:\/\/arcadepowergame.fr\/wp-content\/uploads\/2023\/01\/borne-arcade-bornes-arcade-street-fighter-pac-man-ma-borne-arcade-arcade-legacy-king-arcade-arcade-vintage-smallcab-boutons-neo-legend-retropad-bornes-arcade-mario-bouton-joystick-sanwa--768x1567.jpg 768w, https:\/\/arcadepowergame.fr\/wp-content\/uploads\/2023\/01\/borne-arcade-bornes-arcade-street-fighter-pac-man-ma-borne-arcade-arcade-legacy-king-arcade-arcade-vintage-smallcab-boutons-neo-legend-retropad-bornes-arcade-mario-bouton-joystick-sanwa--753x1536.jpg 753w, https:\/\/arcadepowergame.fr\/wp-content\/uploads\/2023\/01\/borne-arcade-bornes-arcade-street-fighter-pac-man-ma-borne-arcade-arcade-legacy-king-arcade-arcade-vintage-smallcab-boutons-neo-legend-retropad-bornes-arcade-mario-bouton-joystick-sanwa--600x1224.jpg 600w, https:\/\/arcadepowergame.fr\/wp-content\/uploads\/2023\/01\/borne-arcade-bornes-arcade-street-fighter-pac-man-ma-borne-arcade-arcade-legacy-king-arcade-arcade-vintage-smallcab-boutons-neo-legend-retropad-bornes-arcade-mario-bouton-joystick-sanwa--57x116.jpg 57w\" sizes=\"auto, (max-width: 323px) 100vw, 323px\" \/><\/p>\n<p>Une<strong> borne arcade<\/strong> multi jeux <strong>haut de gamme<\/strong> avec pc ou rpi5<strong>, <\/strong>c&#8217;est ce que vous propose votre <strong>sp\u00e9cialiste Arcade Power Game. <\/strong>Tout est enti\u00e8rement <strong>personnalisable <\/strong>et notre atelier se situe \u00e0 Clermont-Ferrand.<\/p>\n<p>Nos <strong>bornes arcade<\/strong> \u00e9volutif sont r\u00e9alis\u00e9es enti\u00e8rement en <strong>France<\/strong> de A \u00e0 Z en <strong>Auvergne-Rh\u00f4ne-Alpes. <\/strong>Nous utilisons du mat\u00e9riel <strong>neuf<\/strong> afin de vous garantir un produit de <strong>qualit\u00e9<\/strong> r\u00e9pondant \u00e0 nos exigences de <strong>conception<\/strong> et de <strong>fabrication<\/strong>.<\/p>\n<p>L&#8217;<strong>\u00e9cran gamer<\/strong> \u00e0 dalle IPS&nbsp; a un grand angle ce qui permet \u00e0 la borne d&#8217;arcade un champ de vision parfait pour les enfants et les personnes de grande tailles.<\/p>\n<p>Avant tout notre mod\u00e8le Z27 est unique. il est de <strong>fabrication fran\u00e7aise<\/strong>. En bref <strong>Made in<\/strong> <strong>France.<\/strong><\/p>\n<p>Par exemple nous n&#8217;utilisons pas le <strong>kit borne arcade<\/strong> euro de type <strong>upright<\/strong> de <strong>jeutel&nbsp;<\/strong>qu&#8217;utilise nos concurrents.Nous pr\u00e9f\u00e9rons nous distingu\u00e9s par un look contemporain au design unique propre \u00e0 notre marque.<\/p>\n<p>Pour les contr\u00f4les nous utilisons des <strong>joysticks<\/strong> et <strong>bouton<\/strong> haut de gamme <strong>Sanwa. <\/strong>Les <strong>boutons chromes&nbsp;<\/strong>ainsi que les joystick <strong>zippy<\/strong> appartiennent au milieux de gamme et ne sont pas utilis\u00e9s.<\/p>\n<p>La fabrication se fait avec du bois en 19mm <strong>m\u00e9lamin\u00e9<\/strong> \u00e0 haute densit\u00e9 sans peinture pour un entretien facile.<\/p>\n<p>votre <strong>machine&nbsp;d&#8217;arcade<\/strong> sera \u00e9galement un magnifique objet de <strong>d\u00e9coration<\/strong><\/p>\n<p>La <strong>borne arcade<\/strong> est pour <strong>particulier<\/strong> &amp; <strong>professionnel<\/strong> .<\/p>\n<p>Ici tout est de base comme:<\/p>\n<ul>\n<li>le <strong>caisson de basse<\/strong> ,le custom lumineux des boutons haut de gamme<\/li>\n<li>Vous avez \u00e0 votre disposition une <strong>box <\/strong>ou carte <strong>multi jeux<\/strong> ,&nbsp; <strong>soit un pc performant&nbsp; <\/strong>avec des milliers de <strong>jeux d&#8217;arcade<\/strong> &amp; moderne ou jusqu&#8217;a 9100 jeux sur <strong>raspberry pi5 <\/strong><strong>.<\/strong><\/li>\n<\/ul>\n<p>Red\u00e9couvrez des jeux <strong>arcade vintage<\/strong> de votre enfance comme <strong>pac-man<\/strong> , <strong>street-fighter 2<\/strong> , <strong>galaga<\/strong> , <strong>metal slug<\/strong> , <strong>Mario<\/strong> , Tron <strong>LEGACY<\/strong> ect. Notre <strong>machine de <a href=\"https:\/\/www.youtube.com\/watch?v=N86eyaqTwrk\">jeux d&#8217;arcade<\/a><\/strong> retrace plus de 30ans d&#8217;histoire du jeux vid\u00e9o.<\/p>\n<p>En conclusion, si vous etes un amoureux de la g\u00e9n\u00e9ration<strong> culture geek <\/strong>, <strong>nintendo<\/strong> , <strong>n\u00e9o <\/strong>g\u00e9o , <strong>des salles d&#8217;arcade<\/strong> ,<strong> club doroth\u00e9e , retour vers le futur <\/strong>ou encore manga comme<strong> Goldorak <\/strong>,<strong> Ulysse 31 <\/strong>,<strong> Albator , <\/strong>un passionn\u00e9 de <strong>jeux video<\/strong> tout comme nous berc\u00e9 par les <strong>ann\u00e9es 80&#8217;s<\/strong> &#8211; <strong>90&#8217;s<\/strong>.Nos bornes d&#8217;<strong>arcades<\/strong> feront largement votre bonheur et vous permettront de partager de bon <strong>moment en famille<\/strong> et de <strong>convivialit\u00e9<\/strong> entre amis.<\/p>\n<p>Devenez le <strong>king<\/strong> ou une <strong>legend<\/strong> de l&#8217;arcade du jeux <strong>retro<\/strong> , en vous disant : oui, j&#8217;ai <strong>ma borne d&#8217;arcade<\/strong> personnalis\u00e9e \u00e0 la maison!!!<\/p>\n<p>Notre technique et nos ann\u00e9es d&#8217;exp\u00e9rience font de nous un des leaders du march\u00e9 fran\u00e7ais.<\/p>\n<p>La <strong>livraison<\/strong> et la <strong>vente<\/strong> est possible en dans toute la <strong>France<\/strong> m\u00e9tropolitaine ainsi qu&#8217;en <strong>Belgique<\/strong>. Garantie 2ans pi\u00e8ces &amp; main d&#8217;oeuvre.<\/p>\n<p><a href=\"https:\/\/arcadepowergame.fr\/index.php\/categorie-produit\/borne-arcade-premium-complet-pret-a-jouer\/\">Arcade Power Game<\/a> c&#8217;est d&#8217;abord la passion du <strong>r\u00e9trogaming<\/strong> et la qualit\u00e9 passe avant la quantit\u00e9.<\/p>\n<p>&nbsp;<\/p>\n\n\n<p><\/p>\n","protected":false},"excerpt":{"rendered":"<p>&nbsp; &nbsp; Une borne arcade multi jeux haut de gamme avec pc ou rpi5, c&#8217;est ce que vous propose votre sp\u00e9cialiste Arcade Power Game. Tout est enti\u00e8rement personnalisable et notre atelier se situe \u00e0 Clermont-Ferrand. Nos bornes arcade \u00e9volutif sont r\u00e9alis\u00e9es enti\u00e8rement en France de A \u00e0 Z en Auvergne-Rh\u00f4ne-Alpes. Nous utilisons du mat\u00e9riel neuf [&hellip;]<\/p>\n","protected":false},"author":1,"featured_media":0,"parent":0,"menu_order":0,"comment_status":"closed","ping_status":"closed","template":"","meta":{"_monsterinsights_skip_tracking":false,"_monsterinsights_sitenote_active":false,"_monsterinsights_sitenote_note":"","_monsterinsights_sitenote_category":0,"_mbp_gutenberg_autopost":false,"ngg_post_thumbnail":0,"footnotes":""},"class_list":["post-2","page","type-page","status-publish","hentry"],"yoast_head":"<!-- This site is optimized with the Yoast SEO plugin v27.2 - https:\/\/yoast.com\/product\/yoast-seo-wordpress\/ -->\n<title>Borne Arcade | Raspberry pi | Pandora&#039;s box 10th anniversary |<\/title>\n<meta name=\"description\" content=\"Borne Arcade &amp; Bartop haut de gamme de fabrication fran\u00e7aise . Neuve et personnalisable. Raspberry pi4 &amp; Pandora&#039;s box 10th. Garantie 2ans .\" \/>\n<meta name=\"robots\" content=\"index, follow, max-snippet:-1, max-image-preview:large, max-video-preview:-1\" \/>\n<link rel=\"canonical\" href=\"https:\/\/arcadepowergame.fr\/\" \/>\n<meta property=\"og:locale\" content=\"fr_FR\" \/>\n<meta property=\"og:type\" content=\"article\" \/>\n<meta property=\"og:title\" content=\"Borne Arcade | Raspberry pi | Pandora&#039;s box 10th anniversary |\" \/>\n<meta property=\"og:description\" content=\"Borne Arcade &amp; Bartop haut de gamme de fabrication fran\u00e7aise . Neuve et personnalisable. Raspberry pi4 &amp; Pandora&#039;s box 10th. Garantie 2ans .\" \/>\n<meta property=\"og:url\" content=\"https:\/\/arcadepowergame.fr\/\" \/>\n<meta property=\"og:site_name\" content=\"Arcade Power Game\" \/>\n<meta property=\"article:publisher\" content=\"https:\/\/www.facebook.com\/arcadepowergame\/?ref=bookmarks\" \/>\n<meta property=\"article:modified_time\" content=\"2026-03-11T15:40:26+00:00\" \/>\n<meta property=\"og:image\" content=\"https:\/\/arcadepowergame.fr\/wp-content\/uploads\/2023\/01\/borne-arcade-bornes-arcade-street-fighter-pac-man-ma-borne-arcade-arcade-legacy-king-arcade-arcade-vintage-smallcab-boutons-neo-legend-retropad-bornes-arcade-mario-bouton-joystick-sanwa--scaled.jpg\" \/>\n\t<meta property=\"og:image:width\" content=\"1004\" \/>\n\t<meta property=\"og:image:height\" content=\"2048\" \/>\n\t<meta property=\"og:image:type\" content=\"image\/jpeg\" \/>\n<meta name=\"twitter:card\" content=\"summary_large_image\" \/>\n<meta name=\"twitter:label1\" content=\"Dur\u00e9e de lecture estim\u00e9e\" \/>\n\t<meta name=\"twitter:data1\" content=\"3 minutes\" \/>\n<script type=\"application\/ld+json\" class=\"yoast-schema-graph\">{\"@context\":\"https:\/\/schema.org\",\"@graph\":[{\"@type\":\"WebPage\",\"@id\":\"https:\/\/arcadepowergame.fr\/\",\"url\":\"https:\/\/arcadepowergame.fr\/\",\"name\":\"Borne Arcade | Raspberry pi | Pandora's box 10th anniversary |\",\"isPartOf\":{\"@id\":\"https:\/\/arcadepowergame.fr\/#website\"},\"primaryImageOfPage\":{\"@id\":\"https:\/\/arcadepowergame.fr\/#primaryimage\"},\"image\":{\"@id\":\"https:\/\/arcadepowergame.fr\/#primaryimage\"},\"thumbnailUrl\":\"https:\/\/arcadepowergame.fr\/wp-content\/uploads\/2023\/01\/borne-arcade-bornes-arcade-street-fighter-pac-man-ma-borne-arcade-arcade-legacy-king-arcade-arcade-vintage-smallcab-boutons-neo-legend-retropad-bornes-arcade-mario-bouton-joystick-sanwa--scaled.jpg\",\"datePublished\":\"2017-07-18T09:34:31+00:00\",\"dateModified\":\"2026-03-11T15:40:26+00:00\",\"description\":\"Borne Arcade & Bartop haut de gamme de fabrication fran\u00e7aise . Neuve et personnalisable. Raspberry pi4 & Pandora's box 10th. Garantie 2ans .\",\"breadcrumb\":{\"@id\":\"https:\/\/arcadepowergame.fr\/#breadcrumb\"},\"inLanguage\":\"fr-FR\",\"potentialAction\":[{\"@type\":\"ReadAction\",\"target\":[\"https:\/\/arcadepowergame.fr\/\"]}]},{\"@type\":\"ImageObject\",\"inLanguage\":\"fr-FR\",\"@id\":\"https:\/\/arcadepowergame.fr\/#primaryimage\",\"url\":\"https:\/\/arcadepowergame.fr\/wp-content\/uploads\/2023\/01\/borne-arcade-bornes-arcade-street-fighter-pac-man-ma-borne-arcade-arcade-legacy-king-arcade-arcade-vintage-smallcab-boutons-neo-legend-retropad-bornes-arcade-mario-bouton-joystick-sanwa--scaled.jpg\",\"contentUrl\":\"https:\/\/arcadepowergame.fr\/wp-content\/uploads\/2023\/01\/borne-arcade-bornes-arcade-street-fighter-pac-man-ma-borne-arcade-arcade-legacy-king-arcade-arcade-vintage-smallcab-boutons-neo-legend-retropad-bornes-arcade-mario-bouton-joystick-sanwa--scaled.jpg\",\"width\":1004,\"height\":2048,\"caption\":\"borne arcade retour vers le futur\"},{\"@type\":\"BreadcrumbList\",\"@id\":\"https:\/\/arcadepowergame.fr\/#breadcrumb\",\"itemListElement\":[{\"@type\":\"ListItem\",\"position\":1,\"name\":\"Accueil\",\"item\":\"https:\/\/arcadepowergame.fr\/\"},{\"@type\":\"ListItem\",\"position\":2,\"name\":\"Borne arcade\"}]},{\"@type\":\"WebSite\",\"@id\":\"https:\/\/arcadepowergame.fr\/#website\",\"url\":\"https:\/\/arcadepowergame.fr\/\",\"name\":\"Arcade Power Game\",\"description\":\"Fabrication haut de gamme et sur mesure de bartops et bornes d&#039;arcade\",\"publisher\":{\"@id\":\"https:\/\/arcadepowergame.fr\/#organization\"},\"potentialAction\":[{\"@type\":\"SearchAction\",\"target\":{\"@type\":\"EntryPoint\",\"urlTemplate\":\"https:\/\/arcadepowergame.fr\/?s={search_term_string}\"},\"query-input\":{\"@type\":\"PropertyValueSpecification\",\"valueRequired\":true,\"valueName\":\"search_term_string\"}}],\"inLanguage\":\"fr-FR\"},{\"@type\":\"Organization\",\"@id\":\"https:\/\/arcadepowergame.fr\/#organization\",\"name\":\"Arcade Power Game\",\"url\":\"https:\/\/arcadepowergame.fr\/\",\"logo\":{\"@type\":\"ImageObject\",\"inLanguage\":\"fr-FR\",\"@id\":\"https:\/\/arcadepowergame.fr\/#\/schema\/logo\/image\/\",\"url\":\"https:\/\/arcadepowergame.fr\/wp-content\/uploads\/2021\/01\/Arcadepowergame1080p-e1611141951764.jpg\",\"contentUrl\":\"https:\/\/arcadepowergame.fr\/wp-content\/uploads\/2021\/01\/Arcadepowergame1080p-e1611141951764.jpg\",\"width\":610,\"height\":343,\"caption\":\"Arcade Power Game\"},\"image\":{\"@id\":\"https:\/\/arcadepowergame.fr\/#\/schema\/logo\/image\/\"},\"sameAs\":[\"https:\/\/www.facebook.com\/arcadepowergame\/?ref=bookmarks\"]}]}<\/script>\n<!-- \/ Yoast SEO plugin. -->","yoast_head_json":{"title":"Borne Arcade | Raspberry pi | Pandora's box 10th anniversary |","description":"Borne Arcade & Bartop haut de gamme de fabrication fran\u00e7aise . Neuve et personnalisable. Raspberry pi4 & Pandora's box 10th. Garantie 2ans .","robots":{"index":"index","follow":"follow","max-snippet":"max-snippet:-1","max-image-preview":"max-image-preview:large","max-video-preview":"max-video-preview:-1"},"canonical":"https:\/\/arcadepowergame.fr\/","og_locale":"fr_FR","og_type":"article","og_title":"Borne Arcade | Raspberry pi | Pandora's box 10th anniversary |","og_description":"Borne Arcade & Bartop haut de gamme de fabrication fran\u00e7aise . Neuve et personnalisable. Raspberry pi4 & Pandora's box 10th. Garantie 2ans .","og_url":"https:\/\/arcadepowergame.fr\/","og_site_name":"Arcade Power Game","article_publisher":"https:\/\/www.facebook.com\/arcadepowergame\/?ref=bookmarks","article_modified_time":"2026-03-11T15:40:26+00:00","og_image":[{"width":1004,"height":2048,"url":"https:\/\/arcadepowergame.fr\/wp-content\/uploads\/2023\/01\/borne-arcade-bornes-arcade-street-fighter-pac-man-ma-borne-arcade-arcade-legacy-king-arcade-arcade-vintage-smallcab-boutons-neo-legend-retropad-bornes-arcade-mario-bouton-joystick-sanwa--scaled.jpg","type":"image\/jpeg"}],"twitter_card":"summary_large_image","twitter_misc":{"Dur\u00e9e de lecture estim\u00e9e":"3 minutes"},"schema":{"@context":"https:\/\/schema.org","@graph":[{"@type":"WebPage","@id":"https:\/\/arcadepowergame.fr\/","url":"https:\/\/arcadepowergame.fr\/","name":"Borne Arcade | Raspberry pi | Pandora's box 10th anniversary |","isPartOf":{"@id":"https:\/\/arcadepowergame.fr\/#website"},"primaryImageOfPage":{"@id":"https:\/\/arcadepowergame.fr\/#primaryimage"},"image":{"@id":"https:\/\/arcadepowergame.fr\/#primaryimage"},"thumbnailUrl":"https:\/\/arcadepowergame.fr\/wp-content\/uploads\/2023\/01\/borne-arcade-bornes-arcade-street-fighter-pac-man-ma-borne-arcade-arcade-legacy-king-arcade-arcade-vintage-smallcab-boutons-neo-legend-retropad-bornes-arcade-mario-bouton-joystick-sanwa--scaled.jpg","datePublished":"2017-07-18T09:34:31+00:00","dateModified":"2026-03-11T15:40:26+00:00","description":"Borne Arcade & Bartop haut de gamme de fabrication fran\u00e7aise . Neuve et personnalisable. Raspberry pi4 & Pandora's box 10th. Garantie 2ans .","breadcrumb":{"@id":"https:\/\/arcadepowergame.fr\/#breadcrumb"},"inLanguage":"fr-FR","potentialAction":[{"@type":"ReadAction","target":["https:\/\/arcadepowergame.fr\/"]}]},{"@type":"ImageObject","inLanguage":"fr-FR","@id":"https:\/\/arcadepowergame.fr\/#primaryimage","url":"https:\/\/arcadepowergame.fr\/wp-content\/uploads\/2023\/01\/borne-arcade-bornes-arcade-street-fighter-pac-man-ma-borne-arcade-arcade-legacy-king-arcade-arcade-vintage-smallcab-boutons-neo-legend-retropad-bornes-arcade-mario-bouton-joystick-sanwa--scaled.jpg","contentUrl":"https:\/\/arcadepowergame.fr\/wp-content\/uploads\/2023\/01\/borne-arcade-bornes-arcade-street-fighter-pac-man-ma-borne-arcade-arcade-legacy-king-arcade-arcade-vintage-smallcab-boutons-neo-legend-retropad-bornes-arcade-mario-bouton-joystick-sanwa--scaled.jpg","width":1004,"height":2048,"caption":"borne arcade retour vers le futur"},{"@type":"BreadcrumbList","@id":"https:\/\/arcadepowergame.fr\/#breadcrumb","itemListElement":[{"@type":"ListItem","position":1,"name":"Accueil","item":"https:\/\/arcadepowergame.fr\/"},{"@type":"ListItem","position":2,"name":"Borne arcade"}]},{"@type":"WebSite","@id":"https:\/\/arcadepowergame.fr\/#website","url":"https:\/\/arcadepowergame.fr\/","name":"Arcade Power Game","description":"Fabrication haut de gamme et sur mesure de bartops et bornes d&#039;arcade","publisher":{"@id":"https:\/\/arcadepowergame.fr\/#organization"},"potentialAction":[{"@type":"SearchAction","target":{"@type":"EntryPoint","urlTemplate":"https:\/\/arcadepowergame.fr\/?s={search_term_string}"},"query-input":{"@type":"PropertyValueSpecification","valueRequired":true,"valueName":"search_term_string"}}],"inLanguage":"fr-FR"},{"@type":"Organization","@id":"https:\/\/arcadepowergame.fr\/#organization","name":"Arcade Power Game","url":"https:\/\/arcadepowergame.fr\/","logo":{"@type":"ImageObject","inLanguage":"fr-FR","@id":"https:\/\/arcadepowergame.fr\/#\/schema\/logo\/image\/","url":"https:\/\/arcadepowergame.fr\/wp-content\/uploads\/2021\/01\/Arcadepowergame1080p-e1611141951764.jpg","contentUrl":"https:\/\/arcadepowergame.fr\/wp-content\/uploads\/2021\/01\/Arcadepowergame1080p-e1611141951764.jpg","width":610,"height":343,"caption":"Arcade Power Game"},"image":{"@id":"https:\/\/arcadepowergame.fr\/#\/schema\/logo\/image\/"},"sameAs":["https:\/\/www.facebook.com\/arcadepowergame\/?ref=bookmarks"]}]}},"_links":{"self":[{"href":"https:\/\/arcadepowergame.fr\/index.php\/wp-json\/wp\/v2\/pages\/2","targetHints":{"allow":["GET"]}}],"collection":[{"href":"https:\/\/arcadepowergame.fr\/index.php\/wp-json\/wp\/v2\/pages"}],"about":[{"href":"https:\/\/arcadepowergame.fr\/index.php\/wp-json\/wp\/v2\/types\/page"}],"author":[{"embeddable":true,"href":"https:\/\/arcadepowergame.fr\/index.php\/wp-json\/wp\/v2\/users\/1"}],"replies":[{"embeddable":true,"href":"https:\/\/arcadepowergame.fr\/index.php\/wp-json\/wp\/v2\/comments?post=2"}],"version-history":[{"count":66,"href":"https:\/\/arcadepowergame.fr\/index.php\/wp-json\/wp\/v2\/pages\/2\/revisions"}],"predecessor-version":[{"id":3046034,"href":"https:\/\/arcadepowergame.fr\/index.php\/wp-json\/wp\/v2\/pages\/2\/revisions\/3046034"}],"wp:attachment":[{"href":"https:\/\/arcadepowergame.fr\/index.php\/wp-json\/wp\/v2\/media?parent=2"}],"curies":[{"name":"wp","href":"https:\/\/api.w.org\/{rel}","templated":true}]}}